{"id":149387,"date":"2025-11-20T11:37:04","date_gmt":"2025-11-20T10:37:04","guid":{"rendered":"https:\/\/zoca.es\/redes\/wireless\/"},"modified":"2025-11-20T11:42:05","modified_gmt":"2025-11-20T10:42:05","slug":"wireless","status":"publish","type":"page","link":"https:\/\/zoca.es\/pt-pt\/redes\/wireless\/","title":{"rendered":"Wireless"},"content":{"rendered":"","protected":false},"excerpt":{"rendered":"","protected":false},"author":623,"featured_media":0,"parent":136008,"menu_order":0,"comment_status":"closed","ping_status":"closed","template":"template-new-categories.php","meta":{"zoca_cat_short_desc":"<p>Ligue-se sem fios com a nossa sele\u00e7\u00e3o wireless: routers Wi-Fi, pontos de acesso e adaptadores recondicionados, prontos para proporcionar uma cobertura est\u00e1vel e r\u00e1pida em casa ou no escrit\u00f3rio, com garantia e ao melhor pre\u00e7o.<\/p>\n","footnotes":""},"class_list":["post-149387","page","type-page","status-publish","hentry"],"_links":{"self":[{"href":"https:\/\/zoca.es\/pt-pt\/wp-json\/wp\/v2\/pages\/149387","targetHints":{"allow":["GET"]}}],"collection":[{"href":"https:\/\/zoca.es\/pt-pt\/wp-json\/wp\/v2\/pages"}],"about":[{"href":"https:\/\/zoca.es\/pt-pt\/wp-json\/wp\/v2\/types\/page"}],"author":[{"embeddable":true,"href":"https:\/\/zoca.es\/pt-pt\/wp-json\/wp\/v2\/users\/623"}],"replies":[{"embeddable":true,"href":"https:\/\/zoca.es\/pt-pt\/wp-json\/wp\/v2\/comments?post=149387"}],"version-history":[{"count":1,"href":"https:\/\/zoca.es\/pt-pt\/wp-json\/wp\/v2\/pages\/149387\/revisions"}],"predecessor-version":[{"id":149399,"href":"https:\/\/zoca.es\/pt-pt\/wp-json\/wp\/v2\/pages\/149387\/revisions\/149399"}],"up":[{"embeddable":true,"href":"https:\/\/zoca.es\/pt-pt\/wp-json\/wp\/v2\/pages\/136008"}],"wp:attachment":[{"href":"https:\/\/zoca.es\/pt-pt\/wp-json\/wp\/v2\/media?parent=149387"}],"curies":[{"name":"wp","href":"https:\/\/api.w.org\/{rel}","templated":true}]}}