{"id":144489,"date":"2025-10-08T13:14:57","date_gmt":"2025-10-08T12:14:57","guid":{"rendered":"https:\/\/zoca.es\/?page_id=144489"},"modified":"2025-10-08T13:16:02","modified_gmt":"2025-10-08T12:16:02","slug":"multifuncionais","status":"publish","type":"page","link":"https:\/\/zoca.es\/pt-pt\/impressoras\/multifuncionais\/","title":{"rendered":"Multifuncionais"},"content":{"rendered":"","protected":false},"excerpt":{"rendered":"","protected":false},"author":623,"featured_media":0,"parent":135953,"menu_order":0,"comment_status":"closed","ping_status":"closed","template":"template-new-categories.php","meta":{"zoca_cat_short_desc":"<p>Impressoras multifun\u00e7\u00f5es recondicionadas. Equipamentos tudo-em-um: impress\u00e3o, digitaliza\u00e7\u00e3o, c\u00f3pia e fax. Otimiza o teu espa\u00e7o e a produtividade com impressoras a jato de tinta e laser de qualidade, com garantia de bom funcionamento.<\/p>","footnotes":""},"class_list":["post-144489","page","type-page","status-publish","hentry"],"_links":{"self":[{"href":"https:\/\/zoca.es\/pt-pt\/wp-json\/wp\/v2\/pages\/144489","targetHints":{"allow":["GET"]}}],"collection":[{"href":"https:\/\/zoca.es\/pt-pt\/wp-json\/wp\/v2\/pages"}],"about":[{"href":"https:\/\/zoca.es\/pt-pt\/wp-json\/wp\/v2\/types\/page"}],"author":[{"embeddable":true,"href":"https:\/\/zoca.es\/pt-pt\/wp-json\/wp\/v2\/users\/623"}],"replies":[{"embeddable":true,"href":"https:\/\/zoca.es\/pt-pt\/wp-json\/wp\/v2\/comments?post=144489"}],"version-history":[{"count":1,"href":"https:\/\/zoca.es\/pt-pt\/wp-json\/wp\/v2\/pages\/144489\/revisions"}],"predecessor-version":[{"id":144490,"href":"https:\/\/zoca.es\/pt-pt\/wp-json\/wp\/v2\/pages\/144489\/revisions\/144490"}],"up":[{"embeddable":true,"href":"https:\/\/zoca.es\/pt-pt\/wp-json\/wp\/v2\/pages\/135953"}],"wp:attachment":[{"href":"https:\/\/zoca.es\/pt-pt\/wp-json\/wp\/v2\/media?parent=144489"}],"curies":[{"name":"wp","href":"https:\/\/api.w.org\/{rel}","templated":true}]}}