{"id":142182,"date":"2025-09-16T13:07:02","date_gmt":"2025-09-16T12:07:02","guid":{"rendered":"https:\/\/zoca.es\/laptops\/docking-stations\/"},"modified":"2025-09-24T11:20:09","modified_gmt":"2025-09-24T10:20:09","slug":"docking-stations","status":"publish","type":"page","link":"https:\/\/zoca.es\/pt-pt\/laptops\/docking-stations\/","title":{"rendered":"Docking Stations"},"content":{"rendered":"","protected":false},"excerpt":{"rendered":"","protected":false},"author":623,"featured_media":0,"parent":135601,"menu_order":0,"comment_status":"closed","ping_status":"closed","template":"template-new-categories.php","meta":{"zoca_cat_short_desc":"<p>Esta\u00e7\u00f5es de ancoragem para port\u00e1teis, amplie a conectividade do seu port\u00e1til com portas USB, HDMI, displayport e ethernet e tipo C. Melhore o seu equipamento com os nossos produtos que oferecem uma transfer\u00eancia de dados e v\u00eddeo ultrar\u00e1pida.<\/p>\n","footnotes":""},"class_list":["post-142182","page","type-page","status-publish","hentry"],"_links":{"self":[{"href":"https:\/\/zoca.es\/pt-pt\/wp-json\/wp\/v2\/pages\/142182","targetHints":{"allow":["GET"]}}],"collection":[{"href":"https:\/\/zoca.es\/pt-pt\/wp-json\/wp\/v2\/pages"}],"about":[{"href":"https:\/\/zoca.es\/pt-pt\/wp-json\/wp\/v2\/types\/page"}],"author":[{"embeddable":true,"href":"https:\/\/zoca.es\/pt-pt\/wp-json\/wp\/v2\/users\/623"}],"replies":[{"embeddable":true,"href":"https:\/\/zoca.es\/pt-pt\/wp-json\/wp\/v2\/comments?post=142182"}],"version-history":[{"count":2,"href":"https:\/\/zoca.es\/pt-pt\/wp-json\/wp\/v2\/pages\/142182\/revisions"}],"predecessor-version":[{"id":143033,"href":"https:\/\/zoca.es\/pt-pt\/wp-json\/wp\/v2\/pages\/142182\/revisions\/143033"}],"up":[{"embeddable":true,"href":"https:\/\/zoca.es\/pt-pt\/wp-json\/wp\/v2\/pages\/135601"}],"wp:attachment":[{"href":"https:\/\/zoca.es\/pt-pt\/wp-json\/wp\/v2\/media?parent=142182"}],"curies":[{"name":"wp","href":"https:\/\/api.w.org\/{rel}","templated":true}]}}