{"id":136465,"date":"2025-06-09T10:29:45","date_gmt":"2025-06-09T09:29:45","guid":{"rendered":"https:\/\/zoca.es\/televisao\/"},"modified":"2025-09-24T11:48:13","modified_gmt":"2025-09-24T10:48:13","slug":"televisao","status":"publish","type":"page","link":"https:\/\/zoca.es\/pt-pt\/televisao\/","title":{"rendered":"Televis\u00e3o"},"content":{"rendered":"","protected":false},"excerpt":{"rendered":"","protected":false},"author":623,"featured_media":0,"parent":0,"menu_order":0,"comment_status":"closed","ping_status":"closed","template":"template-new-categories.php","meta":{"zoca_cat_short_desc":"<p>Monitores de televis\u00e3o recondicionados. Ecr\u00e3s com sintonizador de TV integrado, ideais para uso duplo como monitor de PC e televisor. Monitores com muito boa qualidade de imagem em rela\u00e7\u00e3o qualidade-pre\u00e7o. Garantia de qualidade e de boa resolu\u00e7\u00e3o nos nossos ecr\u00e3s TV como os nossos modelos 4K de qualidade premium.<\/p>\n","footnotes":""},"class_list":["post-136465","page","type-page","status-publish","hentry"],"_links":{"self":[{"href":"https:\/\/zoca.es\/pt-pt\/wp-json\/wp\/v2\/pages\/136465","targetHints":{"allow":["GET"]}}],"collection":[{"href":"https:\/\/zoca.es\/pt-pt\/wp-json\/wp\/v2\/pages"}],"about":[{"href":"https:\/\/zoca.es\/pt-pt\/wp-json\/wp\/v2\/types\/page"}],"author":[{"embeddable":true,"href":"https:\/\/zoca.es\/pt-pt\/wp-json\/wp\/v2\/users\/623"}],"replies":[{"embeddable":true,"href":"https:\/\/zoca.es\/pt-pt\/wp-json\/wp\/v2\/comments?post=136465"}],"version-history":[{"count":2,"href":"https:\/\/zoca.es\/pt-pt\/wp-json\/wp\/v2\/pages\/136465\/revisions"}],"predecessor-version":[{"id":144841,"href":"https:\/\/zoca.es\/pt-pt\/wp-json\/wp\/v2\/pages\/136465\/revisions\/144841"}],"wp:attachment":[{"href":"https:\/\/zoca.es\/pt-pt\/wp-json\/wp\/v2\/media?parent=136465"}],"curies":[{"name":"wp","href":"https:\/\/api.w.org\/{rel}","templated":true}]}}