{"id":136337,"date":"2025-06-06T12:21:37","date_gmt":"2025-06-06T11:21:37","guid":{"rendered":"https:\/\/zoca.es\/perifericos\/"},"modified":"2025-09-29T07:57:57","modified_gmt":"2025-09-29T06:57:57","slug":"perifericos","status":"publish","type":"page","link":"https:\/\/zoca.es\/pt-pt\/perifericos\/","title":{"rendered":"Perif\u00e9ricos"},"content":{"rendered":"","protected":false},"excerpt":{"rendered":"","protected":false},"author":623,"featured_media":0,"parent":0,"menu_order":12,"comment_status":"closed","ping_status":"closed","template":"template-new-categories.php","meta":{"zoca_cat_short_desc":"<p>Perif\u00e9ricos recondicionados em perfeito estado. Acess\u00f3rios essenciais para completares o teu setup com qualidade profissional. Consulta o nosso cat\u00e1logo e equipa o teu PC com o melhor sem pagar mais.<\/p>\n","footnotes":""},"class_list":["post-136337","page","type-page","status-publish","hentry"],"_links":{"self":[{"href":"https:\/\/zoca.es\/pt-pt\/wp-json\/wp\/v2\/pages\/136337","targetHints":{"allow":["GET"]}}],"collection":[{"href":"https:\/\/zoca.es\/pt-pt\/wp-json\/wp\/v2\/pages"}],"about":[{"href":"https:\/\/zoca.es\/pt-pt\/wp-json\/wp\/v2\/types\/page"}],"author":[{"embeddable":true,"href":"https:\/\/zoca.es\/pt-pt\/wp-json\/wp\/v2\/users\/623"}],"replies":[{"embeddable":true,"href":"https:\/\/zoca.es\/pt-pt\/wp-json\/wp\/v2\/comments?post=136337"}],"version-history":[{"count":2,"href":"https:\/\/zoca.es\/pt-pt\/wp-json\/wp\/v2\/pages\/136337\/revisions"}],"predecessor-version":[{"id":143438,"href":"https:\/\/zoca.es\/pt-pt\/wp-json\/wp\/v2\/pages\/136337\/revisions\/143438"}],"wp:attachment":[{"href":"https:\/\/zoca.es\/pt-pt\/wp-json\/wp\/v2\/media?parent=136337"}],"curies":[{"name":"wp","href":"https:\/\/api.w.org\/{rel}","templated":true}]}}