{"id":136015,"date":"2025-06-05T11:42:03","date_gmt":"2025-06-05T10:42:03","guid":{"rendered":"https:\/\/zoca.es\/cabos-2\/"},"modified":"2025-10-20T15:32:39","modified_gmt":"2025-10-20T14:32:39","slug":"cabos-2","status":"publish","type":"page","link":"https:\/\/zoca.es\/pt-pt\/cabos-2\/","title":{"rendered":"Cabos"},"content":{"rendered":"","protected":false},"excerpt":{"rendered":"","protected":false},"author":623,"featured_media":0,"parent":0,"menu_order":2,"comment_status":"closed","ping_status":"closed","template":"template-new-categories.php","meta":{"zoca_cat_short_desc":"<p>Cabos e conectores de todo o tipo para inform\u00e1tica. Liga\u00e7\u00f5es USB, HDMI, alimenta\u00e7\u00e3o, rede e cabos coaxiais. Produtos de cablagem recondicionados como novos a pre\u00e7os imbat\u00edveis.<\/p>\n","footnotes":""},"class_list":["post-136015","page","type-page","status-publish","hentry"],"_links":{"self":[{"href":"https:\/\/zoca.es\/pt-pt\/wp-json\/wp\/v2\/pages\/136015","targetHints":{"allow":["GET"]}}],"collection":[{"href":"https:\/\/zoca.es\/pt-pt\/wp-json\/wp\/v2\/pages"}],"about":[{"href":"https:\/\/zoca.es\/pt-pt\/wp-json\/wp\/v2\/types\/page"}],"author":[{"embeddable":true,"href":"https:\/\/zoca.es\/pt-pt\/wp-json\/wp\/v2\/users\/623"}],"replies":[{"embeddable":true,"href":"https:\/\/zoca.es\/pt-pt\/wp-json\/wp\/v2\/comments?post=136015"}],"version-history":[{"count":2,"href":"https:\/\/zoca.es\/pt-pt\/wp-json\/wp\/v2\/pages\/136015\/revisions"}],"predecessor-version":[{"id":143454,"href":"https:\/\/zoca.es\/pt-pt\/wp-json\/wp\/v2\/pages\/136015\/revisions\/143454"}],"wp:attachment":[{"href":"https:\/\/zoca.es\/pt-pt\/wp-json\/wp\/v2\/media?parent=136015"}],"curies":[{"name":"wp","href":"https:\/\/api.w.org\/{rel}","templated":true}]}}