{"id":136014,"date":"2025-06-05T11:41:25","date_gmt":"2025-06-05T10:41:25","guid":{"rendered":"https:\/\/zoca.es\/telefonia\/"},"modified":"2025-09-24T12:41:39","modified_gmt":"2025-09-24T11:41:39","slug":"telefonia","status":"publish","type":"page","link":"https:\/\/zoca.es\/pt-pt\/telefonia\/","title":{"rendered":"Telefonia"},"content":{"rendered":"","protected":false},"excerpt":{"rendered":"","protected":false},"author":623,"featured_media":0,"parent":0,"menu_order":13,"comment_status":"closed","ping_status":"closed","template":"template-new-categories.php","meta":{"zoca_cat_short_desc":"<p>Telefonia recondicionada. Telem\u00f3veis e smartphones, telefones fixos e acess\u00f3rios das melhores marcas que funcionam como no primeiro dia. Encontre e descubra no nosso cat\u00e1logo telem\u00f3veis baratos de diferentes modelos, acess\u00f3rios e telefones fixos a baixo pre\u00e7o.<\/p>\n","footnotes":""},"class_list":["post-136014","page","type-page","status-publish","hentry"],"_links":{"self":[{"href":"https:\/\/zoca.es\/pt-pt\/wp-json\/wp\/v2\/pages\/136014","targetHints":{"allow":["GET"]}}],"collection":[{"href":"https:\/\/zoca.es\/pt-pt\/wp-json\/wp\/v2\/pages"}],"about":[{"href":"https:\/\/zoca.es\/pt-pt\/wp-json\/wp\/v2\/types\/page"}],"author":[{"embeddable":true,"href":"https:\/\/zoca.es\/pt-pt\/wp-json\/wp\/v2\/users\/623"}],"replies":[{"embeddable":true,"href":"https:\/\/zoca.es\/pt-pt\/wp-json\/wp\/v2\/comments?post=136014"}],"version-history":[{"count":2,"href":"https:\/\/zoca.es\/pt-pt\/wp-json\/wp\/v2\/pages\/136014\/revisions"}],"predecessor-version":[{"id":142996,"href":"https:\/\/zoca.es\/pt-pt\/wp-json\/wp\/v2\/pages\/136014\/revisions\/142996"}],"wp:attachment":[{"href":"https:\/\/zoca.es\/pt-pt\/wp-json\/wp\/v2\/media?parent=136014"}],"curies":[{"name":"wp","href":"https:\/\/api.w.org\/{rel}","templated":true}]}}