{"id":136013,"date":"2025-06-05T11:40:23","date_gmt":"2025-06-05T10:40:23","guid":{"rendered":"https:\/\/zoca.es\/redes\/videoconferencia\/"},"modified":"2025-09-24T12:50:48","modified_gmt":"2025-09-24T11:50:48","slug":"videoconferencia","status":"publish","type":"page","link":"https:\/\/zoca.es\/pt-pt\/redes\/videoconferencia\/","title":{"rendered":"Videoconfer\u00eancia"},"content":{"rendered":"","protected":false},"excerpt":{"rendered":"","protected":false},"author":623,"featured_media":0,"parent":136008,"menu_order":0,"comment_status":"closed","ping_status":"closed","template":"template-new-categories.php","meta":{"zoca_cat_short_desc":"<p>Equipamentos de videoconfer\u00eancia recondicionados. Solu\u00e7\u00f5es profissionais para reuni\u00f5es online com c\u00e2maras, microfones e sistemas de videoconfer\u00eancia para uma comunica\u00e7\u00e3o fluida.<\/p>\n","footnotes":""},"class_list":["post-136013","page","type-page","status-publish","hentry"],"_links":{"self":[{"href":"https:\/\/zoca.es\/pt-pt\/wp-json\/wp\/v2\/pages\/136013","targetHints":{"allow":["GET"]}}],"collection":[{"href":"https:\/\/zoca.es\/pt-pt\/wp-json\/wp\/v2\/pages"}],"about":[{"href":"https:\/\/zoca.es\/pt-pt\/wp-json\/wp\/v2\/types\/page"}],"author":[{"embeddable":true,"href":"https:\/\/zoca.es\/pt-pt\/wp-json\/wp\/v2\/users\/623"}],"replies":[{"embeddable":true,"href":"https:\/\/zoca.es\/pt-pt\/wp-json\/wp\/v2\/comments?post=136013"}],"version-history":[{"count":1,"href":"https:\/\/zoca.es\/pt-pt\/wp-json\/wp\/v2\/pages\/136013\/revisions"}],"predecessor-version":[{"id":143017,"href":"https:\/\/zoca.es\/pt-pt\/wp-json\/wp\/v2\/pages\/136013\/revisions\/143017"}],"up":[{"embeddable":true,"href":"https:\/\/zoca.es\/pt-pt\/wp-json\/wp\/v2\/pages\/136008"}],"wp:attachment":[{"href":"https:\/\/zoca.es\/pt-pt\/wp-json\/wp\/v2\/media?parent=136013"}],"curies":[{"name":"wp","href":"https:\/\/api.w.org\/{rel}","templated":true}]}}