{"id":136011,"date":"2025-06-05T11:39:26","date_gmt":"2025-06-05T10:39:26","guid":{"rendered":"https:\/\/zoca.es\/redes\/routers\/"},"modified":"2025-09-24T12:50:16","modified_gmt":"2025-09-24T11:50:16","slug":"routers","status":"publish","type":"page","link":"https:\/\/zoca.es\/pt-pt\/redes\/routers\/","title":{"rendered":"Routers"},"content":{"rendered":"","protected":false},"excerpt":{"rendered":"","protected":false},"author":623,"featured_media":0,"parent":136008,"menu_order":0,"comment_status":"closed","ping_status":"closed","template":"template-new-categories.php","meta":{"zoca_cat_short_desc":"<p>Roteadores sem fios com capacidades de dupla banda e portas Ethernet Gigabit que proporcionam navega\u00e7\u00e3o r\u00e1pida. Esta categoria apresenta um extenso cat\u00e1logo que abrange desde equipamentos de encaminhamento, modems, dispositivos Wi-Fi e modems compat\u00edveis com ADSL e cabo.<\/p>\n","footnotes":""},"class_list":["post-136011","page","type-page","status-publish","hentry"],"_links":{"self":[{"href":"https:\/\/zoca.es\/pt-pt\/wp-json\/wp\/v2\/pages\/136011","targetHints":{"allow":["GET"]}}],"collection":[{"href":"https:\/\/zoca.es\/pt-pt\/wp-json\/wp\/v2\/pages"}],"about":[{"href":"https:\/\/zoca.es\/pt-pt\/wp-json\/wp\/v2\/types\/page"}],"author":[{"embeddable":true,"href":"https:\/\/zoca.es\/pt-pt\/wp-json\/wp\/v2\/users\/623"}],"replies":[{"embeddable":true,"href":"https:\/\/zoca.es\/pt-pt\/wp-json\/wp\/v2\/comments?post=136011"}],"version-history":[{"count":1,"href":"https:\/\/zoca.es\/pt-pt\/wp-json\/wp\/v2\/pages\/136011\/revisions"}],"predecessor-version":[{"id":143013,"href":"https:\/\/zoca.es\/pt-pt\/wp-json\/wp\/v2\/pages\/136011\/revisions\/143013"}],"up":[{"embeddable":true,"href":"https:\/\/zoca.es\/pt-pt\/wp-json\/wp\/v2\/pages\/136008"}],"wp:attachment":[{"href":"https:\/\/zoca.es\/pt-pt\/wp-json\/wp\/v2\/media?parent=136011"}],"curies":[{"name":"wp","href":"https:\/\/api.w.org\/{rel}","templated":true}]}}