{"id":136010,"date":"2025-06-05T11:39:03","date_gmt":"2025-06-05T10:39:03","guid":{"rendered":"https:\/\/zoca.es\/redes\/repetidores-wifi\/"},"modified":"2025-09-29T08:03:31","modified_gmt":"2025-09-29T07:03:31","slug":"repetidores-wifi","status":"publish","type":"page","link":"https:\/\/zoca.es\/pt-pt\/redes\/repetidores-wifi\/","title":{"rendered":"Repetidores WiFi"},"content":{"rendered":"","protected":false},"excerpt":{"rendered":"","protected":false},"author":623,"featured_media":0,"parent":136008,"menu_order":0,"comment_status":"closed","ping_status":"closed","template":"template-new-categories.php","meta":{"zoca_cat_short_desc":"<p>Precisas de ampliar a cobertura da tua rede? Expande o teu Wi-Fi com os nossos repetidores recondicionados, com garantia de bom funcionamento. Ideais para casas grandes, escrit\u00f3rios ou zonas afastadas do router, proporcionando liga\u00e7\u00e3o sem fios est\u00e1vel e de alta velocidade.<\/p>\n","footnotes":""},"class_list":["post-136010","page","type-page","status-publish","hentry"],"_links":{"self":[{"href":"https:\/\/zoca.es\/pt-pt\/wp-json\/wp\/v2\/pages\/136010","targetHints":{"allow":["GET"]}}],"collection":[{"href":"https:\/\/zoca.es\/pt-pt\/wp-json\/wp\/v2\/pages"}],"about":[{"href":"https:\/\/zoca.es\/pt-pt\/wp-json\/wp\/v2\/types\/page"}],"author":[{"embeddable":true,"href":"https:\/\/zoca.es\/pt-pt\/wp-json\/wp\/v2\/users\/623"}],"replies":[{"embeddable":true,"href":"https:\/\/zoca.es\/pt-pt\/wp-json\/wp\/v2\/comments?post=136010"}],"version-history":[{"count":1,"href":"https:\/\/zoca.es\/pt-pt\/wp-json\/wp\/v2\/pages\/136010\/revisions"}],"predecessor-version":[{"id":143444,"href":"https:\/\/zoca.es\/pt-pt\/wp-json\/wp\/v2\/pages\/136010\/revisions\/143444"}],"up":[{"embeddable":true,"href":"https:\/\/zoca.es\/pt-pt\/wp-json\/wp\/v2\/pages\/136008"}],"wp:attachment":[{"href":"https:\/\/zoca.es\/pt-pt\/wp-json\/wp\/v2\/media?parent=136010"}],"curies":[{"name":"wp","href":"https:\/\/api.w.org\/{rel}","templated":true}]}}