{"id":136008,"date":"2025-06-05T11:37:44","date_gmt":"2025-06-05T10:37:44","guid":{"rendered":"https:\/\/zoca.es\/redes\/"},"modified":"2025-09-24T12:49:46","modified_gmt":"2025-09-24T11:49:46","slug":"redes","status":"publish","type":"page","link":"https:\/\/zoca.es\/pt-pt\/redes\/","title":{"rendered":"Redes"},"content":{"rendered":"","protected":false},"excerpt":{"rendered":"","protected":false},"author":623,"featured_media":0,"parent":0,"menu_order":14,"comment_status":"closed","ping_status":"closed","template":"template-new-categories.php","meta":{"zoca_cat_short_desc":"<p>Solu\u00e7\u00f5es de conectividade para a sua casa ou est\u00fadio com os nossos produtos de rede recondicionados como novos ou seminovos. Com um grande cat\u00e1logo de routers, switches, pontos de acesso, adaptadores Wi-Fi repetidores de rede e mais para cobrir o que precisa.<\/p>\n","footnotes":""},"class_list":["post-136008","page","type-page","status-publish","hentry"],"_links":{"self":[{"href":"https:\/\/zoca.es\/pt-pt\/wp-json\/wp\/v2\/pages\/136008","targetHints":{"allow":["GET"]}}],"collection":[{"href":"https:\/\/zoca.es\/pt-pt\/wp-json\/wp\/v2\/pages"}],"about":[{"href":"https:\/\/zoca.es\/pt-pt\/wp-json\/wp\/v2\/types\/page"}],"author":[{"embeddable":true,"href":"https:\/\/zoca.es\/pt-pt\/wp-json\/wp\/v2\/users\/623"}],"replies":[{"embeddable":true,"href":"https:\/\/zoca.es\/pt-pt\/wp-json\/wp\/v2\/comments?post=136008"}],"version-history":[{"count":2,"href":"https:\/\/zoca.es\/pt-pt\/wp-json\/wp\/v2\/pages\/136008\/revisions"}],"predecessor-version":[{"id":143011,"href":"https:\/\/zoca.es\/pt-pt\/wp-json\/wp\/v2\/pages\/136008\/revisions\/143011"}],"wp:attachment":[{"href":"https:\/\/zoca.es\/pt-pt\/wp-json\/wp\/v2\/media?parent=136008"}],"curies":[{"name":"wp","href":"https:\/\/api.w.org\/{rel}","templated":true}]}}