{"id":136006,"date":"2025-06-05T11:35:46","date_gmt":"2025-06-05T10:35:46","guid":{"rendered":"https:\/\/zoca.es\/teclados\/laptop\/"},"modified":"2025-09-29T08:00:28","modified_gmt":"2025-09-29T07:00:28","slug":"laptop","status":"publish","type":"page","link":"https:\/\/zoca.es\/pt-pt\/perifericos\/teclados\/laptop\/","title":{"rendered":"Laptop"},"content":{"rendered":"","protected":false},"excerpt":{"rendered":"","protected":false},"author":623,"featured_media":0,"parent":136003,"menu_order":0,"comment_status":"closed","ping_status":"closed","template":"template-new-categories.php","meta":{"zoca_cat_short_desc":"<p>Pe\u00e7as originais e compat\u00edveis para reparar ou substituir o teclado do teu port\u00e1til. Temos op\u00e7\u00f5es econ\u00f3micas para prolongar a vida \u00fatil do teu equipamento.<\/p>\n","footnotes":""},"class_list":["post-136006","page","type-page","status-publish","hentry"],"_links":{"self":[{"href":"https:\/\/zoca.es\/pt-pt\/wp-json\/wp\/v2\/pages\/136006","targetHints":{"allow":["GET"]}}],"collection":[{"href":"https:\/\/zoca.es\/pt-pt\/wp-json\/wp\/v2\/pages"}],"about":[{"href":"https:\/\/zoca.es\/pt-pt\/wp-json\/wp\/v2\/types\/page"}],"author":[{"embeddable":true,"href":"https:\/\/zoca.es\/pt-pt\/wp-json\/wp\/v2\/users\/623"}],"replies":[{"embeddable":true,"href":"https:\/\/zoca.es\/pt-pt\/wp-json\/wp\/v2\/comments?post=136006"}],"version-history":[{"count":1,"href":"https:\/\/zoca.es\/pt-pt\/wp-json\/wp\/v2\/pages\/136006\/revisions"}],"predecessor-version":[{"id":143441,"href":"https:\/\/zoca.es\/pt-pt\/wp-json\/wp\/v2\/pages\/136006\/revisions\/143441"}],"up":[{"embeddable":true,"href":"https:\/\/zoca.es\/pt-pt\/wp-json\/wp\/v2\/pages\/136003"}],"wp:attachment":[{"href":"https:\/\/zoca.es\/pt-pt\/wp-json\/wp\/v2\/media?parent=136006"}],"curies":[{"name":"wp","href":"https:\/\/api.w.org\/{rel}","templated":true}]}}