{"id":136004,"date":"2025-06-05T11:34:54","date_gmt":"2025-06-05T10:34:54","guid":{"rendered":"https:\/\/zoca.es\/teclados\/com-mouse\/"},"modified":"2025-09-29T08:01:09","modified_gmt":"2025-09-29T07:01:09","slug":"com-mouse","status":"publish","type":"page","link":"https:\/\/zoca.es\/pt-pt\/perifericos\/teclados\/com-mouse\/","title":{"rendered":"Com mouse"},"content":{"rendered":"","protected":false},"excerpt":{"rendered":"","protected":false},"author":623,"featured_media":0,"parent":136003,"menu_order":0,"comment_status":"closed","ping_status":"closed","template":"template-new-categories.php","meta":{"zoca_cat_short_desc":"<p>Teclados com rato recondicionados. Combos de teclado e rato a pre\u00e7o econ\u00f3mico. Perfeitos para desktop e port\u00e1teis, com op\u00e7\u00f5es sem fios e com cabo.<\/p>\n","footnotes":""},"class_list":["post-136004","page","type-page","status-publish","hentry"],"_links":{"self":[{"href":"https:\/\/zoca.es\/pt-pt\/wp-json\/wp\/v2\/pages\/136004","targetHints":{"allow":["GET"]}}],"collection":[{"href":"https:\/\/zoca.es\/pt-pt\/wp-json\/wp\/v2\/pages"}],"about":[{"href":"https:\/\/zoca.es\/pt-pt\/wp-json\/wp\/v2\/types\/page"}],"author":[{"embeddable":true,"href":"https:\/\/zoca.es\/pt-pt\/wp-json\/wp\/v2\/users\/623"}],"replies":[{"embeddable":true,"href":"https:\/\/zoca.es\/pt-pt\/wp-json\/wp\/v2\/comments?post=136004"}],"version-history":[{"count":1,"href":"https:\/\/zoca.es\/pt-pt\/wp-json\/wp\/v2\/pages\/136004\/revisions"}],"predecessor-version":[{"id":143442,"href":"https:\/\/zoca.es\/pt-pt\/wp-json\/wp\/v2\/pages\/136004\/revisions\/143442"}],"up":[{"embeddable":true,"href":"https:\/\/zoca.es\/pt-pt\/wp-json\/wp\/v2\/pages\/136003"}],"wp:attachment":[{"href":"https:\/\/zoca.es\/pt-pt\/wp-json\/wp\/v2\/media?parent=136004"}],"curies":[{"name":"wp","href":"https:\/\/api.w.org\/{rel}","templated":true}]}}