{"id":136002,"date":"2025-06-05T11:33:03","date_gmt":"2025-06-05T10:33:03","guid":{"rendered":"https:\/\/zoca.es\/mecanicos\/"},"modified":"2025-09-24T11:52:35","modified_gmt":"2025-09-24T10:52:35","slug":"mecanicos","status":"publish","type":"page","link":"https:\/\/zoca.es\/pt-pt\/perifericos\/teclados\/mecanicos\/","title":{"rendered":"Mec\u00e2nicos"},"content":{"rendered":"","protected":false},"excerpt":{"rendered":"","protected":false},"author":623,"featured_media":0,"parent":136003,"menu_order":0,"comment_status":"closed","ping_status":"closed","template":"template-new-categories.php","meta":{"zoca_cat_short_desc":"<p>Experi\u00eancia de escrita e jogo superior com switches de resposta r\u00e1pida quase sem pressionar a tecla. Durabilidade e precis\u00e3o para gamers e profissionais que passem muito tempo em frente a um ecr\u00e3 e necessitem de um perif\u00e9rico ergon\u00f3mico. Procure no nosso cat\u00e1logo os melhores teclados mec\u00e2nicos que mais se ajustem ao seu espa\u00e7o ou equipamento.<\/p>\n","footnotes":""},"class_list":["post-136002","page","type-page","status-publish","hentry"],"_links":{"self":[{"href":"https:\/\/zoca.es\/pt-pt\/wp-json\/wp\/v2\/pages\/136002","targetHints":{"allow":["GET"]}}],"collection":[{"href":"https:\/\/zoca.es\/pt-pt\/wp-json\/wp\/v2\/pages"}],"about":[{"href":"https:\/\/zoca.es\/pt-pt\/wp-json\/wp\/v2\/types\/page"}],"author":[{"embeddable":true,"href":"https:\/\/zoca.es\/pt-pt\/wp-json\/wp\/v2\/users\/623"}],"replies":[{"embeddable":true,"href":"https:\/\/zoca.es\/pt-pt\/wp-json\/wp\/v2\/comments?post=136002"}],"version-history":[{"count":1,"href":"https:\/\/zoca.es\/pt-pt\/wp-json\/wp\/v2\/pages\/136002\/revisions"}],"predecessor-version":[{"id":136441,"href":"https:\/\/zoca.es\/pt-pt\/wp-json\/wp\/v2\/pages\/136002\/revisions\/136441"}],"up":[{"embeddable":true,"href":"https:\/\/zoca.es\/pt-pt\/wp-json\/wp\/v2\/pages\/136003"}],"wp:attachment":[{"href":"https:\/\/zoca.es\/pt-pt\/wp-json\/wp\/v2\/media?parent=136002"}],"curies":[{"name":"wp","href":"https:\/\/api.w.org\/{rel}","templated":true}]}}