{"id":135999,"date":"2025-06-05T11:31:34","date_gmt":"2025-06-05T10:31:34","guid":{"rendered":"https:\/\/zoca.es\/servidores\/"},"modified":"2025-10-28T16:24:06","modified_gmt":"2025-10-28T15:24:06","slug":"servidores-pt","status":"publish","type":"page","link":"https:\/\/zoca.es\/pt-pt\/servidores-pt\/","title":{"rendered":"Servidores"},"content":{"rendered":"","protected":false},"excerpt":{"rendered":"","protected":false},"author":623,"featured_media":0,"parent":0,"menu_order":-1,"comment_status":"closed","ping_status":"closed","template":"template-new-categories.php","meta":{"zoca_cat_short_desc":"<p>Servidores recondicionados. Servidores torre, rack para armazenamento, virtualiza\u00e7\u00e3o e aplica\u00e7\u00f5es. Escolha o servidor que mais se adequa \u00e0 sua empresa ou necessidade segundo o processador, as ba\u00edas e a mem\u00f3ria RAM dispon\u00edveis.<\/p>\r\n","footnotes":""},"class_list":["post-135999","page","type-page","status-publish","hentry"],"_links":{"self":[{"href":"https:\/\/zoca.es\/pt-pt\/wp-json\/wp\/v2\/pages\/135999","targetHints":{"allow":["GET"]}}],"collection":[{"href":"https:\/\/zoca.es\/pt-pt\/wp-json\/wp\/v2\/pages"}],"about":[{"href":"https:\/\/zoca.es\/pt-pt\/wp-json\/wp\/v2\/types\/page"}],"author":[{"embeddable":true,"href":"https:\/\/zoca.es\/pt-pt\/wp-json\/wp\/v2\/users\/623"}],"replies":[{"embeddable":true,"href":"https:\/\/zoca.es\/pt-pt\/wp-json\/wp\/v2\/comments?post=135999"}],"version-history":[{"count":2,"href":"https:\/\/zoca.es\/pt-pt\/wp-json\/wp\/v2\/pages\/135999\/revisions"}],"predecessor-version":[{"id":143024,"href":"https:\/\/zoca.es\/pt-pt\/wp-json\/wp\/v2\/pages\/135999\/revisions\/143024"}],"wp:attachment":[{"href":"https:\/\/zoca.es\/pt-pt\/wp-json\/wp\/v2\/media?parent=135999"}],"curies":[{"name":"wp","href":"https:\/\/api.w.org\/{rel}","templated":true}]}}