{"id":135997,"date":"2025-06-05T11:25:34","date_gmt":"2025-06-05T10:25:34","guid":{"rendered":"https:\/\/zoca.es\/outlet\/tablets\/"},"modified":"2025-09-24T11:51:28","modified_gmt":"2025-09-24T10:51:28","slug":"tablets","status":"publish","type":"page","link":"https:\/\/zoca.es\/pt-pt\/outlet\/tablets\/","title":{"rendered":"Tablets"},"content":{"rendered":"","protected":false},"excerpt":{"rendered":"","protected":false},"author":623,"featured_media":0,"parent":135993,"menu_order":0,"comment_status":"closed","ping_status":"closed","template":"template-new-categories.php","meta":{"zoca_cat_short_desc":"<p>Tablets em oferta recondicionados para entretenimento ou trabalhar comodamente. Dispositivos verificados com descontos para conseguir maiores presta\u00e7\u00f5es a um pre\u00e7o mais reduzido.<\/p>\n","footnotes":""},"class_list":["post-135997","page","type-page","status-publish","hentry"],"_links":{"self":[{"href":"https:\/\/zoca.es\/pt-pt\/wp-json\/wp\/v2\/pages\/135997","targetHints":{"allow":["GET"]}}],"collection":[{"href":"https:\/\/zoca.es\/pt-pt\/wp-json\/wp\/v2\/pages"}],"about":[{"href":"https:\/\/zoca.es\/pt-pt\/wp-json\/wp\/v2\/types\/page"}],"author":[{"embeddable":true,"href":"https:\/\/zoca.es\/pt-pt\/wp-json\/wp\/v2\/users\/623"}],"replies":[{"embeddable":true,"href":"https:\/\/zoca.es\/pt-pt\/wp-json\/wp\/v2\/comments?post=135997"}],"version-history":[{"count":1,"href":"https:\/\/zoca.es\/pt-pt\/wp-json\/wp\/v2\/pages\/135997\/revisions"}],"predecessor-version":[{"id":142953,"href":"https:\/\/zoca.es\/pt-pt\/wp-json\/wp\/v2\/pages\/135997\/revisions\/142953"}],"up":[{"embeddable":true,"href":"https:\/\/zoca.es\/pt-pt\/wp-json\/wp\/v2\/pages\/135993"}],"wp:attachment":[{"href":"https:\/\/zoca.es\/pt-pt\/wp-json\/wp\/v2\/media?parent=135997"}],"curies":[{"name":"wp","href":"https:\/\/api.w.org\/{rel}","templated":true}]}}