{"id":135996,"date":"2025-06-05T11:25:09","date_gmt":"2025-06-05T10:25:09","guid":{"rendered":"https:\/\/zoca.es\/outlet\/laptops\/"},"modified":"2025-09-29T08:06:28","modified_gmt":"2025-09-29T07:06:28","slug":"laptops","status":"publish","type":"page","link":"https:\/\/zoca.es\/pt-pt\/outlet\/laptops\/","title":{"rendered":"Laptops"},"content":{"rendered":"","protected":false},"excerpt":{"rendered":"","protected":false},"author":623,"featured_media":0,"parent":135993,"menu_order":0,"comment_status":"closed","ping_status":"closed","template":"template-new-categories.php","meta":{"zoca_cat_short_desc":"<p>Port\u00e1teis em promo\u00e7\u00e3o para trabalho, estudo e entretenimento. Descobre equipamentos prontos a usar com garantia de bom desempenho e funcionamento \u2014 para gaming, trabalho e estudantes. Encontra o teu port\u00e1til ideal a pre\u00e7o imbat\u00edvel e com um servi\u00e7o excelente.<\/p>\n","footnotes":""},"class_list":["post-135996","page","type-page","status-publish","hentry"],"_links":{"self":[{"href":"https:\/\/zoca.es\/pt-pt\/wp-json\/wp\/v2\/pages\/135996","targetHints":{"allow":["GET"]}}],"collection":[{"href":"https:\/\/zoca.es\/pt-pt\/wp-json\/wp\/v2\/pages"}],"about":[{"href":"https:\/\/zoca.es\/pt-pt\/wp-json\/wp\/v2\/types\/page"}],"author":[{"embeddable":true,"href":"https:\/\/zoca.es\/pt-pt\/wp-json\/wp\/v2\/users\/623"}],"replies":[{"embeddable":true,"href":"https:\/\/zoca.es\/pt-pt\/wp-json\/wp\/v2\/comments?post=135996"}],"version-history":[{"count":1,"href":"https:\/\/zoca.es\/pt-pt\/wp-json\/wp\/v2\/pages\/135996\/revisions"}],"predecessor-version":[{"id":143447,"href":"https:\/\/zoca.es\/pt-pt\/wp-json\/wp\/v2\/pages\/135996\/revisions\/143447"}],"up":[{"embeddable":true,"href":"https:\/\/zoca.es\/pt-pt\/wp-json\/wp\/v2\/pages\/135993"}],"wp:attachment":[{"href":"https:\/\/zoca.es\/pt-pt\/wp-json\/wp\/v2\/media?parent=135996"}],"curies":[{"name":"wp","href":"https:\/\/api.w.org\/{rel}","templated":true}]}}