{"id":135995,"date":"2025-06-05T11:20:20","date_gmt":"2025-06-05T10:20:20","guid":{"rendered":"https:\/\/zoca.es\/outlet\/computadores\/"},"modified":"2025-09-24T11:51:01","modified_gmt":"2025-09-24T10:51:01","slug":"computadores","status":"publish","type":"page","link":"https:\/\/zoca.es\/pt-pt\/outlet\/computadores\/","title":{"rendered":"Computadores"},"content":{"rendered":"","protected":false},"excerpt":{"rendered":"","protected":false},"author":623,"featured_media":0,"parent":135993,"menu_order":0,"comment_status":"closed","ping_status":"closed","template":"template-new-categories.php","meta":{"zoca_cat_short_desc":"<p>Descontos em PCs de secret\u00e1ria e All-in-One. Encontre equipamentos que funcionam e t\u00eam garantia de que funcionam como no primeiro dia para gaming, trabalho ou estudo a pre\u00e7os de liquida\u00e7\u00e3o.<\/p>\n","footnotes":""},"class_list":["post-135995","page","type-page","status-publish","hentry"],"_links":{"self":[{"href":"https:\/\/zoca.es\/pt-pt\/wp-json\/wp\/v2\/pages\/135995","targetHints":{"allow":["GET"]}}],"collection":[{"href":"https:\/\/zoca.es\/pt-pt\/wp-json\/wp\/v2\/pages"}],"about":[{"href":"https:\/\/zoca.es\/pt-pt\/wp-json\/wp\/v2\/types\/page"}],"author":[{"embeddable":true,"href":"https:\/\/zoca.es\/pt-pt\/wp-json\/wp\/v2\/users\/623"}],"replies":[{"embeddable":true,"href":"https:\/\/zoca.es\/pt-pt\/wp-json\/wp\/v2\/comments?post=135995"}],"version-history":[{"count":1,"href":"https:\/\/zoca.es\/pt-pt\/wp-json\/wp\/v2\/pages\/135995\/revisions"}],"predecessor-version":[{"id":142951,"href":"https:\/\/zoca.es\/pt-pt\/wp-json\/wp\/v2\/pages\/135995\/revisions\/142951"}],"up":[{"embeddable":true,"href":"https:\/\/zoca.es\/pt-pt\/wp-json\/wp\/v2\/pages\/135993"}],"wp:attachment":[{"href":"https:\/\/zoca.es\/pt-pt\/wp-json\/wp\/v2\/media?parent=135995"}],"curies":[{"name":"wp","href":"https:\/\/api.w.org\/{rel}","templated":true}]}}