{"id":135994,"date":"2025-06-05T11:19:25","date_gmt":"2025-06-05T10:19:25","guid":{"rendered":"https:\/\/zoca.es\/outlet\/monitores\/"},"modified":"2025-09-24T11:50:42","modified_gmt":"2025-09-24T10:50:42","slug":"monitores","status":"publish","type":"page","link":"https:\/\/zoca.es\/pt-pt\/outlet\/monitores\/","title":{"rendered":"Monitores"},"content":{"rendered":"","protected":false},"excerpt":{"rendered":"","protected":false},"author":623,"featured_media":0,"parent":135993,"menu_order":0,"comment_status":"closed","ping_status":"closed","template":"template-new-categories.php","meta":{"zoca_cat_short_desc":"<p>Monitores em outlet recondicionados. Ofertas especiais em ecr\u00e3s LED, LCD e 4K de diferentes tamanhos de ecr\u00e3. Qualidade visual a pre\u00e7os reduzidos na nossa sec\u00e7\u00e3o outlet de monitores. Encontre o que procura entre os nossos monitores novos ou seminovos!<\/p>\n","footnotes":""},"class_list":["post-135994","page","type-page","status-publish","hentry"],"_links":{"self":[{"href":"https:\/\/zoca.es\/pt-pt\/wp-json\/wp\/v2\/pages\/135994","targetHints":{"allow":["GET"]}}],"collection":[{"href":"https:\/\/zoca.es\/pt-pt\/wp-json\/wp\/v2\/pages"}],"about":[{"href":"https:\/\/zoca.es\/pt-pt\/wp-json\/wp\/v2\/types\/page"}],"author":[{"embeddable":true,"href":"https:\/\/zoca.es\/pt-pt\/wp-json\/wp\/v2\/users\/623"}],"replies":[{"embeddable":true,"href":"https:\/\/zoca.es\/pt-pt\/wp-json\/wp\/v2\/comments?post=135994"}],"version-history":[{"count":1,"href":"https:\/\/zoca.es\/pt-pt\/wp-json\/wp\/v2\/pages\/135994\/revisions"}],"predecessor-version":[{"id":142949,"href":"https:\/\/zoca.es\/pt-pt\/wp-json\/wp\/v2\/pages\/135994\/revisions\/142949"}],"up":[{"embeddable":true,"href":"https:\/\/zoca.es\/pt-pt\/wp-json\/wp\/v2\/pages\/135993"}],"wp:attachment":[{"href":"https:\/\/zoca.es\/pt-pt\/wp-json\/wp\/v2\/media?parent=135994"}],"curies":[{"name":"wp","href":"https:\/\/api.w.org\/{rel}","templated":true}]}}