{"id":135993,"date":"2025-06-05T11:18:48","date_gmt":"2025-06-05T10:18:48","guid":{"rendered":"https:\/\/zoca.es\/outlet\/"},"modified":"2025-09-24T11:50:25","modified_gmt":"2025-09-24T10:50:25","slug":"outlet","status":"publish","type":"page","link":"https:\/\/zoca.es\/pt-pt\/outlet\/","title":{"rendered":"Outlet"},"content":{"rendered":"","protected":false},"excerpt":{"rendered":"","protected":false},"author":623,"featured_media":0,"parent":0,"menu_order":15,"comment_status":"closed","ping_status":"closed","template":"template-new-categories.php","meta":{"zoca_cat_short_desc":"<p>Outlet dos nossos melhores produtos recondicionados. Ofertas e descontos numa ampla gama de produtos: port\u00e1teis, monitores, computadores e mais. Encontre o que procura em produtos de qualidade a pre\u00e7o muito econ\u00f3mico na nossa sec\u00e7\u00e3o outlet.<\/p>\n","footnotes":""},"class_list":["post-135993","page","type-page","status-publish","hentry"],"_links":{"self":[{"href":"https:\/\/zoca.es\/pt-pt\/wp-json\/wp\/v2\/pages\/135993","targetHints":{"allow":["GET"]}}],"collection":[{"href":"https:\/\/zoca.es\/pt-pt\/wp-json\/wp\/v2\/pages"}],"about":[{"href":"https:\/\/zoca.es\/pt-pt\/wp-json\/wp\/v2\/types\/page"}],"author":[{"embeddable":true,"href":"https:\/\/zoca.es\/pt-pt\/wp-json\/wp\/v2\/users\/623"}],"replies":[{"embeddable":true,"href":"https:\/\/zoca.es\/pt-pt\/wp-json\/wp\/v2\/comments?post=135993"}],"version-history":[{"count":2,"href":"https:\/\/zoca.es\/pt-pt\/wp-json\/wp\/v2\/pages\/135993\/revisions"}],"predecessor-version":[{"id":142947,"href":"https:\/\/zoca.es\/pt-pt\/wp-json\/wp\/v2\/pages\/135993\/revisions\/142947"}],"wp:attachment":[{"href":"https:\/\/zoca.es\/pt-pt\/wp-json\/wp\/v2\/media?parent=135993"}],"curies":[{"name":"wp","href":"https:\/\/api.w.org\/{rel}","templated":true}]}}