{"id":135990,"date":"2025-06-05T11:13:57","date_gmt":"2025-06-05T10:13:57","guid":{"rendered":"https:\/\/zoca.es\/componentes\/memoria-ram\/"},"modified":"2025-09-24T11:41:40","modified_gmt":"2025-09-24T10:41:40","slug":"memoria-ram","status":"publish","type":"page","link":"https:\/\/zoca.es\/pt-pt\/componentes\/memoria-ram\/","title":{"rendered":"Memoria Ram"},"content":{"rendered":"","protected":false},"excerpt":{"rendered":"","protected":false},"author":623,"featured_media":0,"parent":135982,"menu_order":0,"comment_status":"closed","ping_status":"closed","template":"template-new-categories.php","meta":{"zoca_cat_short_desc":"<p>Atualize o seu PC com mem\u00f3rias RAM recondicionadas! Encontre DDR3, DDR4 e DDR5, DIMM para PC e SO-DIMM para port\u00e1teis. Componentes que funcionam e garantem uma longa dura\u00e7\u00e3o de vida gra\u00e7as \u00e0 revis\u00e3o da nossa equipa.<\/p>\n","footnotes":""},"class_list":["post-135990","page","type-page","status-publish","hentry"],"_links":{"self":[{"href":"https:\/\/zoca.es\/pt-pt\/wp-json\/wp\/v2\/pages\/135990","targetHints":{"allow":["GET"]}}],"collection":[{"href":"https:\/\/zoca.es\/pt-pt\/wp-json\/wp\/v2\/pages"}],"about":[{"href":"https:\/\/zoca.es\/pt-pt\/wp-json\/wp\/v2\/types\/page"}],"author":[{"embeddable":true,"href":"https:\/\/zoca.es\/pt-pt\/wp-json\/wp\/v2\/users\/623"}],"replies":[{"embeddable":true,"href":"https:\/\/zoca.es\/pt-pt\/wp-json\/wp\/v2\/comments?post=135990"}],"version-history":[{"count":1,"href":"https:\/\/zoca.es\/pt-pt\/wp-json\/wp\/v2\/pages\/135990\/revisions"}],"predecessor-version":[{"id":142914,"href":"https:\/\/zoca.es\/pt-pt\/wp-json\/wp\/v2\/pages\/135990\/revisions\/142914"}],"up":[{"embeddable":true,"href":"https:\/\/zoca.es\/pt-pt\/wp-json\/wp\/v2\/pages\/135982"}],"wp:attachment":[{"href":"https:\/\/zoca.es\/pt-pt\/wp-json\/wp\/v2\/media?parent=135990"}],"curies":[{"name":"wp","href":"https:\/\/api.w.org\/{rel}","templated":true}]}}