{"id":135989,"date":"2025-06-05T11:13:24","date_gmt":"2025-06-05T10:13:24","guid":{"rendered":"https:\/\/zoca.es\/componentes\/fontes-de-alimentacao\/"},"modified":"2025-06-05T11:13:24","modified_gmt":"2025-06-05T10:13:24","slug":"fontes-de-alimentacao","status":"publish","type":"page","link":"https:\/\/zoca.es\/pt-pt\/componentes\/fontes-de-alimentacao\/","title":{"rendered":"Fontes de alimenta\u00e7\u00e3o"},"content":{"rendered":"","protected":false},"excerpt":{"rendered":"","protected":false},"author":623,"featured_media":0,"parent":135982,"menu_order":0,"comment_status":"closed","ping_status":"closed","template":"template-new-categories.php","meta":{"zoca_cat_short_desc":"Precisa de uma nova fonte de alimenta\u00e7\u00e3o ou de uma pe\u00e7a sobressalente em boas condi\u00e7\u00f5es? Pot\u00eancia est\u00e1vel e segura para o seu PC com o nosso cat\u00e1logo de fontes de alimenta\u00e7\u00e3o modulares e semi-modulares. Fontes com diferentes pot\u00eancias (W) como as de baixo consumo 180 W para equipamentos com baixo rendimento e fontes de alimenta\u00e7\u00e3o para equipamentos exigentes 1600 W.","footnotes":""},"class_list":["post-135989","page","type-page","status-publish","hentry"],"_links":{"self":[{"href":"https:\/\/zoca.es\/pt-pt\/wp-json\/wp\/v2\/pages\/135989","targetHints":{"allow":["GET"]}}],"collection":[{"href":"https:\/\/zoca.es\/pt-pt\/wp-json\/wp\/v2\/pages"}],"about":[{"href":"https:\/\/zoca.es\/pt-pt\/wp-json\/wp\/v2\/types\/page"}],"author":[{"embeddable":true,"href":"https:\/\/zoca.es\/pt-pt\/wp-json\/wp\/v2\/users\/623"}],"replies":[{"embeddable":true,"href":"https:\/\/zoca.es\/pt-pt\/wp-json\/wp\/v2\/comments?post=135989"}],"version-history":[{"count":0,"href":"https:\/\/zoca.es\/pt-pt\/wp-json\/wp\/v2\/pages\/135989\/revisions"}],"up":[{"embeddable":true,"href":"https:\/\/zoca.es\/pt-pt\/wp-json\/wp\/v2\/pages\/135982"}],"wp:attachment":[{"href":"https:\/\/zoca.es\/pt-pt\/wp-json\/wp\/v2\/media?parent=135989"}],"curies":[{"name":"wp","href":"https:\/\/api.w.org\/{rel}","templated":true}]}}