{"id":135988,"date":"2025-06-05T11:12:56","date_gmt":"2025-06-05T10:12:56","guid":{"rendered":"https:\/\/zoca.es\/componentes\/acessorios-para-disco-rigido\/"},"modified":"2025-09-24T11:41:01","modified_gmt":"2025-09-24T10:41:01","slug":"acessorios-para-disco-rigido","status":"publish","type":"page","link":"https:\/\/zoca.es\/pt-pt\/componentes\/discos-rigidos\/acessorios-para-disco-rigido\/","title":{"rendered":"Acess\u00f3rios para Disco R\u00edgido"},"content":{"rendered":"","protected":false},"excerpt":{"rendered":"","protected":false},"author":623,"featured_media":0,"parent":135985,"menu_order":0,"comment_status":"closed","ping_status":"closed","template":"template-new-categories.php","meta":{"zoca_cat_short_desc":"<p>Adaptadores, caixas externas, cabos SATA e kits de montagem. Acess\u00f3rios de qualidade para discos r\u00edgidos recondicionados com os nossos suportes de montagem para formatos de 2,5\" e 3,5\", bases de liga\u00e7\u00e3o e protetores a um pre\u00e7o muito econ\u00f3mico.<\/p>\n","footnotes":""},"class_list":["post-135988","page","type-page","status-publish","hentry"],"_links":{"self":[{"href":"https:\/\/zoca.es\/pt-pt\/wp-json\/wp\/v2\/pages\/135988","targetHints":{"allow":["GET"]}}],"collection":[{"href":"https:\/\/zoca.es\/pt-pt\/wp-json\/wp\/v2\/pages"}],"about":[{"href":"https:\/\/zoca.es\/pt-pt\/wp-json\/wp\/v2\/types\/page"}],"author":[{"embeddable":true,"href":"https:\/\/zoca.es\/pt-pt\/wp-json\/wp\/v2\/users\/623"}],"replies":[{"embeddable":true,"href":"https:\/\/zoca.es\/pt-pt\/wp-json\/wp\/v2\/comments?post=135988"}],"version-history":[{"count":1,"href":"https:\/\/zoca.es\/pt-pt\/wp-json\/wp\/v2\/pages\/135988\/revisions"}],"predecessor-version":[{"id":142913,"href":"https:\/\/zoca.es\/pt-pt\/wp-json\/wp\/v2\/pages\/135988\/revisions\/142913"}],"up":[{"embeddable":true,"href":"https:\/\/zoca.es\/pt-pt\/wp-json\/wp\/v2\/pages\/135985"}],"wp:attachment":[{"href":"https:\/\/zoca.es\/pt-pt\/wp-json\/wp\/v2\/media?parent=135988"}],"curies":[{"name":"wp","href":"https:\/\/api.w.org\/{rel}","templated":true}]}}