{"id":135987,"date":"2025-06-05T11:10:13","date_gmt":"2025-06-05T10:10:13","guid":{"rendered":"https:\/\/zoca.es\/componentes\/discos-rigidos\/discos-rigidos-sata\/"},"modified":"2025-09-24T11:40:27","modified_gmt":"2025-09-24T10:40:27","slug":"discos-rigidos-sata","status":"publish","type":"page","link":"https:\/\/zoca.es\/pt-pt\/componentes\/discos-rigidos\/discos-rigidos-sata\/","title":{"rendered":"Discos r\u00edgidos SATA"},"content":{"rendered":"","protected":false},"excerpt":{"rendered":"","protected":false},"author":623,"featured_media":0,"parent":135985,"menu_order":0,"comment_status":"closed","ping_status":"closed","template":"template-new-categories.php","meta":{"zoca_cat_short_desc":"<p>As melhores ofertas nos nossos discos r\u00edgidos SATA recondicionados de 2,5 e 3,5 polegadas de marcas reconhecidas. No nosso cat\u00e1logo de discos r\u00edgidos SATA encontrar\u00e1 as melhores ofertas de equipamentos de armazenamento recondicionados. Discos r\u00edgidos SATA com interface Serial ATA III com velocidades at\u00e9 6 Gbps e capacidades desde 120GB at\u00e9 4TB. HDD SATA e SSD SATA recondicionados com garantia de funcionamento como no primeiro dia.<\/p>\n","footnotes":""},"class_list":["post-135987","page","type-page","status-publish","hentry"],"_links":{"self":[{"href":"https:\/\/zoca.es\/pt-pt\/wp-json\/wp\/v2\/pages\/135987","targetHints":{"allow":["GET"]}}],"collection":[{"href":"https:\/\/zoca.es\/pt-pt\/wp-json\/wp\/v2\/pages"}],"about":[{"href":"https:\/\/zoca.es\/pt-pt\/wp-json\/wp\/v2\/types\/page"}],"author":[{"embeddable":true,"href":"https:\/\/zoca.es\/pt-pt\/wp-json\/wp\/v2\/users\/623"}],"replies":[{"embeddable":true,"href":"https:\/\/zoca.es\/pt-pt\/wp-json\/wp\/v2\/comments?post=135987"}],"version-history":[{"count":1,"href":"https:\/\/zoca.es\/pt-pt\/wp-json\/wp\/v2\/pages\/135987\/revisions"}],"predecessor-version":[{"id":142911,"href":"https:\/\/zoca.es\/pt-pt\/wp-json\/wp\/v2\/pages\/135987\/revisions\/142911"}],"up":[{"embeddable":true,"href":"https:\/\/zoca.es\/pt-pt\/wp-json\/wp\/v2\/pages\/135985"}],"wp:attachment":[{"href":"https:\/\/zoca.es\/pt-pt\/wp-json\/wp\/v2\/media?parent=135987"}],"curies":[{"name":"wp","href":"https:\/\/api.w.org\/{rel}","templated":true}]}}