{"id":135986,"date":"2025-06-05T11:09:37","date_gmt":"2025-06-05T10:09:37","guid":{"rendered":"https:\/\/zoca.es\/componentes\/discos-rigidos\/discos-rigidos-ide\/"},"modified":"2025-09-24T11:40:18","modified_gmt":"2025-09-24T10:40:18","slug":"discos-rigidos-ide","status":"publish","type":"page","link":"https:\/\/zoca.es\/pt-pt\/componentes\/discos-rigidos\/discos-rigidos-ide\/","title":{"rendered":"Discos r\u00edgidos IDE"},"content":{"rendered":"","protected":false},"excerpt":{"rendered":"","protected":false},"author":623,"featured_media":0,"parent":135985,"menu_order":0,"comment_status":"closed","ping_status":"closed","template":"template-new-categories.php","meta":{"zoca_cat_short_desc":"<p>Dispomos de discos r\u00edgidos IDE\/PATA de 2,5 polegadas de marcas reconhecidas no setor. Discos r\u00edgidos IDE (PATA) recondicionados com garantia de funcionamento como no primeiro dia. Consiga discos IDE a pre\u00e7os econ\u00f3micos e n\u00e3o fique sem reparar o seu equipamento. Discos r\u00edgidos IDE com garantia de qualidade, interface Parallel ATA com velocidades de transfer\u00eancia at\u00e9 133MB\/s.<\/p>\n","footnotes":""},"class_list":["post-135986","page","type-page","status-publish","hentry"],"_links":{"self":[{"href":"https:\/\/zoca.es\/pt-pt\/wp-json\/wp\/v2\/pages\/135986","targetHints":{"allow":["GET"]}}],"collection":[{"href":"https:\/\/zoca.es\/pt-pt\/wp-json\/wp\/v2\/pages"}],"about":[{"href":"https:\/\/zoca.es\/pt-pt\/wp-json\/wp\/v2\/types\/page"}],"author":[{"embeddable":true,"href":"https:\/\/zoca.es\/pt-pt\/wp-json\/wp\/v2\/users\/623"}],"replies":[{"embeddable":true,"href":"https:\/\/zoca.es\/pt-pt\/wp-json\/wp\/v2\/comments?post=135986"}],"version-history":[{"count":1,"href":"https:\/\/zoca.es\/pt-pt\/wp-json\/wp\/v2\/pages\/135986\/revisions"}],"predecessor-version":[{"id":142909,"href":"https:\/\/zoca.es\/pt-pt\/wp-json\/wp\/v2\/pages\/135986\/revisions\/142909"}],"up":[{"embeddable":true,"href":"https:\/\/zoca.es\/pt-pt\/wp-json\/wp\/v2\/pages\/135985"}],"wp:attachment":[{"href":"https:\/\/zoca.es\/pt-pt\/wp-json\/wp\/v2\/media?parent=135986"}],"curies":[{"name":"wp","href":"https:\/\/api.w.org\/{rel}","templated":true}]}}