{"id":135984,"date":"2025-06-05T11:07:15","date_gmt":"2025-06-05T10:07:15","guid":{"rendered":"https:\/\/zoca.es\/componentes\/adaptadores-wifi\/"},"modified":"2025-09-29T08:08:43","modified_gmt":"2025-09-29T07:08:43","slug":"adaptadores-wifi","status":"publish","type":"page","link":"https:\/\/zoca.es\/pt-pt\/componentes\/adaptadores-wifi\/","title":{"rendered":"Adaptadores WiFi"},"content":{"rendered":"","protected":false},"excerpt":{"rendered":"","protected":false},"author":623,"featured_media":0,"parent":135982,"menu_order":0,"comment_status":"closed","ping_status":"closed","template":"template-new-categories.php","meta":{"zoca_cat_short_desc":"<p>Aumenta a conectividade sem fios de desktops e port\u00e1teis com os nossos adaptadores Wi-Fi. Melhora o sinal com adaptadores USB e PCIe e complementa a tua configura\u00e7\u00e3o com adaptadores Bluetooth sempre que precisares.<\/p>\n","footnotes":""},"class_list":["post-135984","page","type-page","status-publish","hentry"],"_links":{"self":[{"href":"https:\/\/zoca.es\/pt-pt\/wp-json\/wp\/v2\/pages\/135984","targetHints":{"allow":["GET"]}}],"collection":[{"href":"https:\/\/zoca.es\/pt-pt\/wp-json\/wp\/v2\/pages"}],"about":[{"href":"https:\/\/zoca.es\/pt-pt\/wp-json\/wp\/v2\/types\/page"}],"author":[{"embeddable":true,"href":"https:\/\/zoca.es\/pt-pt\/wp-json\/wp\/v2\/users\/623"}],"replies":[{"embeddable":true,"href":"https:\/\/zoca.es\/pt-pt\/wp-json\/wp\/v2\/comments?post=135984"}],"version-history":[{"count":1,"href":"https:\/\/zoca.es\/pt-pt\/wp-json\/wp\/v2\/pages\/135984\/revisions"}],"predecessor-version":[{"id":143449,"href":"https:\/\/zoca.es\/pt-pt\/wp-json\/wp\/v2\/pages\/135984\/revisions\/143449"}],"up":[{"embeddable":true,"href":"https:\/\/zoca.es\/pt-pt\/wp-json\/wp\/v2\/pages\/135982"}],"wp:attachment":[{"href":"https:\/\/zoca.es\/pt-pt\/wp-json\/wp\/v2\/media?parent=135984"}],"curies":[{"name":"wp","href":"https:\/\/api.w.org\/{rel}","templated":true}]}}