{"id":135982,"date":"2025-06-05T11:06:33","date_gmt":"2025-06-05T10:06:33","guid":{"rendered":"https:\/\/zoca.es\/componentes\/"},"modified":"2025-09-24T11:38:38","modified_gmt":"2025-09-24T10:38:38","slug":"componentes","status":"publish","type":"page","link":"https:\/\/zoca.es\/pt-pt\/componentes\/","title":{"rendered":"Componentes"},"content":{"rendered":"","protected":false},"excerpt":{"rendered":"","protected":false},"author":623,"featured_media":0,"parent":0,"menu_order":16,"comment_status":"closed","ping_status":"closed","template":"template-new-categories.php","meta":{"zoca_cat_short_desc":"<p>Procura algum componente espec\u00edfico? Componentes de computador recondicionados. Processadores, mem\u00f3ria RAM, placas gr\u00e1ficas, discos r\u00edgidos e muito mais! Pe\u00e7as que foram testadas para garantir o seu correto funcionamento, uma ideia mais econ\u00f3mica para atualizar o seu equipamento.<\/p>\n","footnotes":""},"class_list":["post-135982","page","type-page","status-publish","hentry"],"_links":{"self":[{"href":"https:\/\/zoca.es\/pt-pt\/wp-json\/wp\/v2\/pages\/135982","targetHints":{"allow":["GET"]}}],"collection":[{"href":"https:\/\/zoca.es\/pt-pt\/wp-json\/wp\/v2\/pages"}],"about":[{"href":"https:\/\/zoca.es\/pt-pt\/wp-json\/wp\/v2\/types\/page"}],"author":[{"embeddable":true,"href":"https:\/\/zoca.es\/pt-pt\/wp-json\/wp\/v2\/users\/623"}],"replies":[{"embeddable":true,"href":"https:\/\/zoca.es\/pt-pt\/wp-json\/wp\/v2\/comments?post=135982"}],"version-history":[{"count":2,"href":"https:\/\/zoca.es\/pt-pt\/wp-json\/wp\/v2\/pages\/135982\/revisions"}],"predecessor-version":[{"id":142907,"href":"https:\/\/zoca.es\/pt-pt\/wp-json\/wp\/v2\/pages\/135982\/revisions\/142907"}],"wp:attachment":[{"href":"https:\/\/zoca.es\/pt-pt\/wp-json\/wp\/v2\/media?parent=135982"}],"curies":[{"name":"wp","href":"https:\/\/api.w.org\/{rel}","templated":true}]}}