{"id":135980,"date":"2025-06-05T11:05:24","date_gmt":"2025-06-05T10:05:24","guid":{"rendered":"https:\/\/zoca.es\/cabos\/cabos-de-energia\/"},"modified":"2025-09-29T08:15:50","modified_gmt":"2025-09-29T07:15:50","slug":"cabos-de-energia","status":"publish","type":"page","link":"https:\/\/zoca.es\/pt-pt\/cabos-2\/cabos-de-energia\/","title":{"rendered":"Cabos de energia"},"content":{"rendered":"","protected":false},"excerpt":{"rendered":"","protected":false},"author":623,"featured_media":0,"parent":136015,"menu_order":0,"comment_status":"closed","ping_status":"closed","template":"template-new-categories.php","meta":{"zoca_cat_short_desc":"<p>Cabos de energia recondicionados para equipamentos inform\u00e1ticos. Fichas e cabos el\u00e9tricos verificados por profissionais, como novos. Consulta o nosso cat\u00e1logo e aproveita as melhores ofertas em cabos de alimenta\u00e7\u00e3o em segunda m\u00e3o, com garantia de bom funcionamento.<\/p>\n","footnotes":""},"class_list":["post-135980","page","type-page","status-publish","hentry"],"_links":{"self":[{"href":"https:\/\/zoca.es\/pt-pt\/wp-json\/wp\/v2\/pages\/135980","targetHints":{"allow":["GET"]}}],"collection":[{"href":"https:\/\/zoca.es\/pt-pt\/wp-json\/wp\/v2\/pages"}],"about":[{"href":"https:\/\/zoca.es\/pt-pt\/wp-json\/wp\/v2\/types\/page"}],"author":[{"embeddable":true,"href":"https:\/\/zoca.es\/pt-pt\/wp-json\/wp\/v2\/users\/623"}],"replies":[{"embeddable":true,"href":"https:\/\/zoca.es\/pt-pt\/wp-json\/wp\/v2\/comments?post=135980"}],"version-history":[{"count":1,"href":"https:\/\/zoca.es\/pt-pt\/wp-json\/wp\/v2\/pages\/135980\/revisions"}],"predecessor-version":[{"id":143457,"href":"https:\/\/zoca.es\/pt-pt\/wp-json\/wp\/v2\/pages\/135980\/revisions\/143457"}],"up":[{"embeddable":true,"href":"https:\/\/zoca.es\/pt-pt\/wp-json\/wp\/v2\/pages\/136015"}],"wp:attachment":[{"href":"https:\/\/zoca.es\/pt-pt\/wp-json\/wp\/v2\/media?parent=135980"}],"curies":[{"name":"wp","href":"https:\/\/api.w.org\/{rel}","templated":true}]}}