{"id":135979,"date":"2025-06-05T11:04:52","date_gmt":"2025-06-05T10:04:52","guid":{"rendered":"https:\/\/zoca.es\/cabos\/"},"modified":"2025-06-06T13:59:39","modified_gmt":"2025-06-06T12:59:39","slug":"cabos","status":"publish","type":"page","link":"https:\/\/zoca.es\/pt-pt\/redes\/switches\/cabos\/","title":{"rendered":"Cabos"},"content":{"rendered":"","protected":false},"excerpt":{"rendered":"","protected":false},"author":623,"featured_media":0,"parent":136012,"menu_order":0,"comment_status":"closed","ping_status":"closed","template":"template-new-categories.php","meta":{"zoca_cat_short_desc":"Cabos e conectores de todo o tipo para inform\u00e1tica. Liga\u00e7\u00f5es USB, HDMI, alimenta\u00e7\u00e3o, rede e cabos coaxiais. Produtos de cablagem recondicionados como novos a pre\u00e7os imbat\u00edveis.","footnotes":""},"class_list":["post-135979","page","type-page","status-publish","hentry"],"_links":{"self":[{"href":"https:\/\/zoca.es\/pt-pt\/wp-json\/wp\/v2\/pages\/135979","targetHints":{"allow":["GET"]}}],"collection":[{"href":"https:\/\/zoca.es\/pt-pt\/wp-json\/wp\/v2\/pages"}],"about":[{"href":"https:\/\/zoca.es\/pt-pt\/wp-json\/wp\/v2\/types\/page"}],"author":[{"embeddable":true,"href":"https:\/\/zoca.es\/pt-pt\/wp-json\/wp\/v2\/users\/623"}],"replies":[{"embeddable":true,"href":"https:\/\/zoca.es\/pt-pt\/wp-json\/wp\/v2\/comments?post=135979"}],"version-history":[{"count":1,"href":"https:\/\/zoca.es\/pt-pt\/wp-json\/wp\/v2\/pages\/135979\/revisions"}],"predecessor-version":[{"id":136443,"href":"https:\/\/zoca.es\/pt-pt\/wp-json\/wp\/v2\/pages\/135979\/revisions\/136443"}],"up":[{"embeddable":true,"href":"https:\/\/zoca.es\/pt-pt\/wp-json\/wp\/v2\/pages\/136012"}],"wp:attachment":[{"href":"https:\/\/zoca.es\/pt-pt\/wp-json\/wp\/v2\/media?parent=135979"}],"curies":[{"name":"wp","href":"https:\/\/api.w.org\/{rel}","templated":true}]}}