{"id":135976,"date":"2025-06-05T11:02:34","date_gmt":"2025-06-05T10:02:34","guid":{"rendered":"https:\/\/zoca.es\/audio\/"},"modified":"2025-09-24T11:34:03","modified_gmt":"2025-09-24T10:34:03","slug":"audio","status":"publish","type":"page","link":"https:\/\/zoca.es\/pt-pt\/audio\/","title":{"rendered":"Audio"},"content":{"rendered":"","protected":false},"excerpt":{"rendered":"","protected":false},"author":623,"featured_media":0,"parent":0,"menu_order":17,"comment_status":"closed","ping_status":"closed","template":"template-new-categories.php","meta":{"zoca_cat_short_desc":"<p>Procura equipamentos de som? Na Zoca dispomos de altifalantes, auscultadores, amplificadores, barras de som e equipamentos profissionais recondicionados a pre\u00e7os \u00fanicos. Descubra os nossos produtos novos ou recondicionados em segunda m\u00e3o.<\/p>\n","footnotes":""},"class_list":["post-135976","page","type-page","status-publish","hentry"],"_links":{"self":[{"href":"https:\/\/zoca.es\/pt-pt\/wp-json\/wp\/v2\/pages\/135976","targetHints":{"allow":["GET"]}}],"collection":[{"href":"https:\/\/zoca.es\/pt-pt\/wp-json\/wp\/v2\/pages"}],"about":[{"href":"https:\/\/zoca.es\/pt-pt\/wp-json\/wp\/v2\/types\/page"}],"author":[{"embeddable":true,"href":"https:\/\/zoca.es\/pt-pt\/wp-json\/wp\/v2\/users\/623"}],"replies":[{"embeddable":true,"href":"https:\/\/zoca.es\/pt-pt\/wp-json\/wp\/v2\/comments?post=135976"}],"version-history":[{"count":2,"href":"https:\/\/zoca.es\/pt-pt\/wp-json\/wp\/v2\/pages\/135976\/revisions"}],"predecessor-version":[{"id":142893,"href":"https:\/\/zoca.es\/pt-pt\/wp-json\/wp\/v2\/pages\/135976\/revisions\/142893"}],"wp:attachment":[{"href":"https:\/\/zoca.es\/pt-pt\/wp-json\/wp\/v2\/media?parent=135976"}],"curies":[{"name":"wp","href":"https:\/\/api.w.org\/{rel}","templated":true}]}}