{"id":135975,"date":"2025-06-05T11:01:26","date_gmt":"2025-06-05T10:01:26","guid":{"rendered":"https:\/\/zoca.es\/torre\/"},"modified":"2025-09-24T12:52:58","modified_gmt":"2025-09-24T11:52:58","slug":"torre","status":"publish","type":"page","link":"https:\/\/zoca.es\/pt-pt\/servidores-pt\/torre\/","title":{"rendered":"Torre"},"content":{"rendered":"","protected":false},"excerpt":{"rendered":"","protected":false},"author":623,"featured_media":0,"parent":135999,"menu_order":0,"comment_status":"closed","ping_status":"closed","template":"template-new-categories.php","meta":{"zoca_cat_short_desc":"<p>Servidores torre recondicionados para escrit\u00f3rios e pequenas empresas. Equipamentos de secret\u00e1ria silenciosos e f\u00e1ceis de instalar com alto desempenho. Modelos Dell PowerEdge e HP ProLiant com garantia completa, perfeitos para armazenamento, bases de dados e aplica\u00e7\u00f5es empresariais.<\/p>\n","footnotes":""},"class_list":["post-135975","page","type-page","status-publish","hentry"],"_links":{"self":[{"href":"https:\/\/zoca.es\/pt-pt\/wp-json\/wp\/v2\/pages\/135975","targetHints":{"allow":["GET"]}}],"collection":[{"href":"https:\/\/zoca.es\/pt-pt\/wp-json\/wp\/v2\/pages"}],"about":[{"href":"https:\/\/zoca.es\/pt-pt\/wp-json\/wp\/v2\/types\/page"}],"author":[{"embeddable":true,"href":"https:\/\/zoca.es\/pt-pt\/wp-json\/wp\/v2\/users\/623"}],"replies":[{"embeddable":true,"href":"https:\/\/zoca.es\/pt-pt\/wp-json\/wp\/v2\/comments?post=135975"}],"version-history":[{"count":2,"href":"https:\/\/zoca.es\/pt-pt\/wp-json\/wp\/v2\/pages\/135975\/revisions"}],"predecessor-version":[{"id":143027,"href":"https:\/\/zoca.es\/pt-pt\/wp-json\/wp\/v2\/pages\/135975\/revisions\/143027"}],"up":[{"embeddable":true,"href":"https:\/\/zoca.es\/pt-pt\/wp-json\/wp\/v2\/pages\/135999"}],"wp:attachment":[{"href":"https:\/\/zoca.es\/pt-pt\/wp-json\/wp\/v2\/media?parent=135975"}],"curies":[{"name":"wp","href":"https:\/\/api.w.org\/{rel}","templated":true}]}}