{"id":135974,"date":"2025-06-05T11:00:57","date_gmt":"2025-06-05T10:00:57","guid":{"rendered":"https:\/\/zoca.es\/rack\/"},"modified":"2025-09-24T12:52:43","modified_gmt":"2025-09-24T11:52:43","slug":"rack","status":"publish","type":"page","link":"https:\/\/zoca.es\/pt-pt\/servidores-pt\/rack\/","title":{"rendered":"Rack"},"content":{"rendered":"","protected":false},"excerpt":{"rendered":"","protected":false},"author":623,"featured_media":0,"parent":135999,"menu_order":0,"comment_status":"closed","ping_status":"closed","template":"template-new-categories.php","meta":{"zoca_cat_short_desc":"<p>Servidores rack recondicionados para centros de dados e empresas. Equipamentos mont\u00e1veis em arm\u00e1rio rack com m\u00e1xima escalabilidade e desempenho profissional. Modelos Dell PowerEdge e HP ProLiant com garantia completa, ideais para virtualiza\u00e7\u00e3o e aplica\u00e7\u00f5es cr\u00edticas.<\/p>\n","footnotes":""},"class_list":["post-135974","page","type-page","status-publish","hentry"],"_links":{"self":[{"href":"https:\/\/zoca.es\/pt-pt\/wp-json\/wp\/v2\/pages\/135974","targetHints":{"allow":["GET"]}}],"collection":[{"href":"https:\/\/zoca.es\/pt-pt\/wp-json\/wp\/v2\/pages"}],"about":[{"href":"https:\/\/zoca.es\/pt-pt\/wp-json\/wp\/v2\/types\/page"}],"author":[{"embeddable":true,"href":"https:\/\/zoca.es\/pt-pt\/wp-json\/wp\/v2\/users\/623"}],"replies":[{"embeddable":true,"href":"https:\/\/zoca.es\/pt-pt\/wp-json\/wp\/v2\/comments?post=135974"}],"version-history":[{"count":2,"href":"https:\/\/zoca.es\/pt-pt\/wp-json\/wp\/v2\/pages\/135974\/revisions"}],"predecessor-version":[{"id":143026,"href":"https:\/\/zoca.es\/pt-pt\/wp-json\/wp\/v2\/pages\/135974\/revisions\/143026"}],"up":[{"embeddable":true,"href":"https:\/\/zoca.es\/pt-pt\/wp-json\/wp\/v2\/pages\/135999"}],"wp:attachment":[{"href":"https:\/\/zoca.es\/pt-pt\/wp-json\/wp\/v2\/media?parent=135974"}],"curies":[{"name":"wp","href":"https:\/\/api.w.org\/{rel}","templated":true}]}}