{"id":135973,"date":"2025-06-05T10:58:14","date_gmt":"2025-06-05T09:58:14","guid":{"rendered":"https:\/\/zoca.es\/projetores\/"},"modified":"2025-09-24T12:49:30","modified_gmt":"2025-09-24T11:49:30","slug":"projetores","status":"publish","type":"page","link":"https:\/\/zoca.es\/pt-pt\/projetores\/","title":{"rendered":"Projetores"},"content":{"rendered":"","protected":false},"excerpt":{"rendered":"","protected":false},"author":623,"featured_media":0,"parent":0,"menu_order":-1,"comment_status":"closed","ping_status":"closed","template":"template-new-categories.php","meta":{"zoca_cat_short_desc":"<p>Os nossos melhores projetores recondicionados. Proje\u00e7\u00e3o de imagens e v\u00eddeos em grande formato ideais para apresenta\u00e7\u00f5es, cinema em casa e eventos, com resolu\u00e7\u00f5es HD e Full HD.<\/p>\n","footnotes":""},"class_list":["post-135973","page","type-page","status-publish","hentry"],"_links":{"self":[{"href":"https:\/\/zoca.es\/pt-pt\/wp-json\/wp\/v2\/pages\/135973","targetHints":{"allow":["GET"]}}],"collection":[{"href":"https:\/\/zoca.es\/pt-pt\/wp-json\/wp\/v2\/pages"}],"about":[{"href":"https:\/\/zoca.es\/pt-pt\/wp-json\/wp\/v2\/types\/page"}],"author":[{"embeddable":true,"href":"https:\/\/zoca.es\/pt-pt\/wp-json\/wp\/v2\/users\/623"}],"replies":[{"embeddable":true,"href":"https:\/\/zoca.es\/pt-pt\/wp-json\/wp\/v2\/comments?post=135973"}],"version-history":[{"count":2,"href":"https:\/\/zoca.es\/pt-pt\/wp-json\/wp\/v2\/pages\/135973\/revisions"}],"predecessor-version":[{"id":143009,"href":"https:\/\/zoca.es\/pt-pt\/wp-json\/wp\/v2\/pages\/135973\/revisions\/143009"}],"wp:attachment":[{"href":"https:\/\/zoca.es\/pt-pt\/wp-json\/wp\/v2\/media?parent=135973"}],"curies":[{"name":"wp","href":"https:\/\/api.w.org\/{rel}","templated":true}]}}