{"id":135971,"date":"2025-06-05T10:57:17","date_gmt":"2025-06-05T09:57:17","guid":{"rendered":"https:\/\/zoca.es\/impressoras\/matriciais\/"},"modified":"2025-09-24T11:46:26","modified_gmt":"2025-09-24T10:46:26","slug":"matriciais","status":"publish","type":"page","link":"https:\/\/zoca.es\/pt-pt\/impressoras\/matriciais\/","title":{"rendered":"Matriciais"},"content":{"rendered":"","protected":false},"excerpt":{"rendered":"","protected":false},"author":623,"featured_media":0,"parent":135953,"menu_order":0,"comment_status":"closed","ping_status":"closed","template":"template-new-categories.php","meta":{"zoca_cat_short_desc":"<p>Navegue pela nossa gama de impressoras matriciais renovadas que operam como uma impressora de matriz de pontos como nova. A impressora matricial distingue-se por custos m\u00ednimos e precis\u00e3o que proporcionam qualidade, embora a sua velocidade seja menor em compara\u00e7\u00e3o a outras impressoras, a sua qualidade supera o pre\u00e7o pelo qual a vendemos. Obtenha impressoras matriciais de marcas reconhecidas a pre\u00e7os muito baixos.<\/p>\n","footnotes":""},"class_list":["post-135971","page","type-page","status-publish","hentry"],"_links":{"self":[{"href":"https:\/\/zoca.es\/pt-pt\/wp-json\/wp\/v2\/pages\/135971","targetHints":{"allow":["GET"]}}],"collection":[{"href":"https:\/\/zoca.es\/pt-pt\/wp-json\/wp\/v2\/pages"}],"about":[{"href":"https:\/\/zoca.es\/pt-pt\/wp-json\/wp\/v2\/types\/page"}],"author":[{"embeddable":true,"href":"https:\/\/zoca.es\/pt-pt\/wp-json\/wp\/v2\/users\/623"}],"replies":[{"embeddable":true,"href":"https:\/\/zoca.es\/pt-pt\/wp-json\/wp\/v2\/comments?post=135971"}],"version-history":[{"count":1,"href":"https:\/\/zoca.es\/pt-pt\/wp-json\/wp\/v2\/pages\/135971\/revisions"}],"predecessor-version":[{"id":142930,"href":"https:\/\/zoca.es\/pt-pt\/wp-json\/wp\/v2\/pages\/135971\/revisions\/142930"}],"up":[{"embeddable":true,"href":"https:\/\/zoca.es\/pt-pt\/wp-json\/wp\/v2\/pages\/135953"}],"wp:attachment":[{"href":"https:\/\/zoca.es\/pt-pt\/wp-json\/wp\/v2\/media?parent=135971"}],"curies":[{"name":"wp","href":"https:\/\/api.w.org\/{rel}","templated":true}]}}