{"id":135970,"date":"2025-06-05T10:56:38","date_gmt":"2025-06-05T09:56:38","guid":{"rendered":"https:\/\/zoca.es\/impressoras\/impressoras-laser\/"},"modified":"2025-09-24T11:46:17","modified_gmt":"2025-09-24T10:46:17","slug":"impressoras-laser","status":"publish","type":"page","link":"https:\/\/zoca.es\/pt-pt\/impressoras\/impressoras-laser\/","title":{"rendered":"Impressoras laser"},"content":{"rendered":"","protected":false},"excerpt":{"rendered":"","protected":false},"author":623,"featured_media":0,"parent":135953,"menu_order":0,"comment_status":"closed","ping_status":"closed","template":"template-new-categories.php","meta":{"zoca_cat_short_desc":"<p>Dispomos de impressoras laser coloridas recondicionadas de marcas reconhecidas como HP, Canon e Epson. Impressora laser que usa toner em vez de cartuchos oferecendo impress\u00f5es n\u00edtidas e secas instantaneamente. Consiga impressoras laser coloridas a pre\u00e7os econ\u00f3micos e poupe no custo de impress\u00e3o em compara\u00e7\u00e3o \u00e0s impressoras de inje\u00e7\u00e3o por c\u00f3pia.<\/p>\n","footnotes":""},"class_list":["post-135970","page","type-page","status-publish","hentry"],"_links":{"self":[{"href":"https:\/\/zoca.es\/pt-pt\/wp-json\/wp\/v2\/pages\/135970","targetHints":{"allow":["GET"]}}],"collection":[{"href":"https:\/\/zoca.es\/pt-pt\/wp-json\/wp\/v2\/pages"}],"about":[{"href":"https:\/\/zoca.es\/pt-pt\/wp-json\/wp\/v2\/types\/page"}],"author":[{"embeddable":true,"href":"https:\/\/zoca.es\/pt-pt\/wp-json\/wp\/v2\/users\/623"}],"replies":[{"embeddable":true,"href":"https:\/\/zoca.es\/pt-pt\/wp-json\/wp\/v2\/comments?post=135970"}],"version-history":[{"count":1,"href":"https:\/\/zoca.es\/pt-pt\/wp-json\/wp\/v2\/pages\/135970\/revisions"}],"predecessor-version":[{"id":142928,"href":"https:\/\/zoca.es\/pt-pt\/wp-json\/wp\/v2\/pages\/135970\/revisions\/142928"}],"up":[{"embeddable":true,"href":"https:\/\/zoca.es\/pt-pt\/wp-json\/wp\/v2\/pages\/135953"}],"wp:attachment":[{"href":"https:\/\/zoca.es\/pt-pt\/wp-json\/wp\/v2\/media?parent=135970"}],"curies":[{"name":"wp","href":"https:\/\/api.w.org\/{rel}","templated":true}]}}