{"id":135969,"date":"2025-06-05T10:56:05","date_gmt":"2025-06-05T09:56:05","guid":{"rendered":"https:\/\/zoca.es\/impressoras\/impressoras-a-laser\/"},"modified":"2025-09-29T07:55:56","modified_gmt":"2025-09-29T06:55:56","slug":"impressoras-a-laser","status":"publish","type":"page","link":"https:\/\/zoca.es\/pt-pt\/impressoras\/impressoras-a-laser\/","title":{"rendered":"Impressoras a laser"},"content":{"rendered":"","protected":false},"excerpt":{"rendered":"","protected":false},"author":623,"featured_media":0,"parent":135953,"menu_order":0,"comment_status":"closed","ping_status":"closed","template":"template-new-categories.php","meta":{"zoca_cat_short_desc":"<p>Explora o nosso amplo cat\u00e1logo de impressoras laser em segunda m\u00e3o que funcionam como novas. As impressoras laser s\u00e3o mais rent\u00e1veis em custo por p\u00e1gina, pois utilizam toner em vez de tinteiros. Oferecem um acabamento limpo, sem manchas, em cada impress\u00e3o e secam quase de forma instant\u00e2nea. Descobre as nossas melhores ofertas e leva um equipamento de qualidade.<\/p>\n","footnotes":""},"class_list":["post-135969","page","type-page","status-publish","hentry"],"_links":{"self":[{"href":"https:\/\/zoca.es\/pt-pt\/wp-json\/wp\/v2\/pages\/135969","targetHints":{"allow":["GET"]}}],"collection":[{"href":"https:\/\/zoca.es\/pt-pt\/wp-json\/wp\/v2\/pages"}],"about":[{"href":"https:\/\/zoca.es\/pt-pt\/wp-json\/wp\/v2\/types\/page"}],"author":[{"embeddable":true,"href":"https:\/\/zoca.es\/pt-pt\/wp-json\/wp\/v2\/users\/623"}],"replies":[{"embeddable":true,"href":"https:\/\/zoca.es\/pt-pt\/wp-json\/wp\/v2\/comments?post=135969"}],"version-history":[{"count":1,"href":"https:\/\/zoca.es\/pt-pt\/wp-json\/wp\/v2\/pages\/135969\/revisions"}],"predecessor-version":[{"id":143437,"href":"https:\/\/zoca.es\/pt-pt\/wp-json\/wp\/v2\/pages\/135969\/revisions\/143437"}],"up":[{"embeddable":true,"href":"https:\/\/zoca.es\/pt-pt\/wp-json\/wp\/v2\/pages\/135953"}],"wp:attachment":[{"href":"https:\/\/zoca.es\/pt-pt\/wp-json\/wp\/v2\/media?parent=135969"}],"curies":[{"name":"wp","href":"https:\/\/api.w.org\/{rel}","templated":true}]}}