{"id":135967,"date":"2025-06-05T10:54:46","date_gmt":"2025-06-05T09:54:46","guid":{"rendered":"https:\/\/zoca.es\/impressoras\/consumiveis\/"},"modified":"2025-09-24T11:45:28","modified_gmt":"2025-09-24T10:45:28","slug":"consumiveis","status":"publish","type":"page","link":"https:\/\/zoca.es\/pt-pt\/impressoras\/consumiveis\/","title":{"rendered":"Consum\u00edveis"},"content":{"rendered":"","protected":false},"excerpt":{"rendered":"","protected":false},"author":623,"featured_media":0,"parent":135953,"menu_order":0,"comment_status":"closed","ping_status":"closed","template":"template-new-categories.php","meta":{"zoca_cat_short_desc":"<p>Consum\u00edveis para impressoras recondicionados. Toner, cartuchos de tinta e fitas para impressoras laser, de inje\u00e7\u00e3o e matriciais. Produtos originais e compat\u00edveis para uma impress\u00e3o de qualidade a baixo custo.<\/p>\n","footnotes":""},"class_list":["post-135967","page","type-page","status-publish","hentry"],"_links":{"self":[{"href":"https:\/\/zoca.es\/pt-pt\/wp-json\/wp\/v2\/pages\/135967","targetHints":{"allow":["GET"]}}],"collection":[{"href":"https:\/\/zoca.es\/pt-pt\/wp-json\/wp\/v2\/pages"}],"about":[{"href":"https:\/\/zoca.es\/pt-pt\/wp-json\/wp\/v2\/types\/page"}],"author":[{"embeddable":true,"href":"https:\/\/zoca.es\/pt-pt\/wp-json\/wp\/v2\/users\/623"}],"replies":[{"embeddable":true,"href":"https:\/\/zoca.es\/pt-pt\/wp-json\/wp\/v2\/comments?post=135967"}],"version-history":[{"count":1,"href":"https:\/\/zoca.es\/pt-pt\/wp-json\/wp\/v2\/pages\/135967\/revisions"}],"predecessor-version":[{"id":142927,"href":"https:\/\/zoca.es\/pt-pt\/wp-json\/wp\/v2\/pages\/135967\/revisions\/142927"}],"up":[{"embeddable":true,"href":"https:\/\/zoca.es\/pt-pt\/wp-json\/wp\/v2\/pages\/135953"}],"wp:attachment":[{"href":"https:\/\/zoca.es\/pt-pt\/wp-json\/wp\/v2\/media?parent=135967"}],"curies":[{"name":"wp","href":"https:\/\/api.w.org\/{rel}","templated":true}]}}