{"id":135966,"date":"2025-06-05T10:54:16","date_gmt":"2025-06-05T09:54:16","guid":{"rendered":"https:\/\/zoca.es\/impressoras\/acessorios\/"},"modified":"2025-06-05T10:54:16","modified_gmt":"2025-06-05T09:54:16","slug":"acessorios","status":"publish","type":"page","link":"https:\/\/zoca.es\/pt-pt\/impressoras\/acessorios\/","title":{"rendered":"Acess\u00f3rios"},"content":{"rendered":"","protected":false},"excerpt":{"rendered":"","protected":false},"author":623,"featured_media":0,"parent":135953,"menu_order":0,"comment_status":"closed","ping_status":"closed","template":"template-new-categories.php","meta":{"zoca_cat_short_desc":"Acess\u00f3rios para impressoras recondicionados. Bandejas, m\u00f3dulos duplex, placas de rede e kits de manuten\u00e7\u00e3o. Produtos recondicionados de qualidade e a bom pre\u00e7o.","footnotes":""},"class_list":["post-135966","page","type-page","status-publish","hentry"],"_links":{"self":[{"href":"https:\/\/zoca.es\/pt-pt\/wp-json\/wp\/v2\/pages\/135966","targetHints":{"allow":["GET"]}}],"collection":[{"href":"https:\/\/zoca.es\/pt-pt\/wp-json\/wp\/v2\/pages"}],"about":[{"href":"https:\/\/zoca.es\/pt-pt\/wp-json\/wp\/v2\/types\/page"}],"author":[{"embeddable":true,"href":"https:\/\/zoca.es\/pt-pt\/wp-json\/wp\/v2\/users\/623"}],"replies":[{"embeddable":true,"href":"https:\/\/zoca.es\/pt-pt\/wp-json\/wp\/v2\/comments?post=135966"}],"version-history":[{"count":0,"href":"https:\/\/zoca.es\/pt-pt\/wp-json\/wp\/v2\/pages\/135966\/revisions"}],"up":[{"embeddable":true,"href":"https:\/\/zoca.es\/pt-pt\/wp-json\/wp\/v2\/pages\/135953"}],"wp:attachment":[{"href":"https:\/\/zoca.es\/pt-pt\/wp-json\/wp\/v2\/media?parent=135966"}],"curies":[{"name":"wp","href":"https:\/\/api.w.org\/{rel}","templated":true}]}}