{"id":135953,"date":"2025-06-05T10:53:41","date_gmt":"2025-06-05T09:53:41","guid":{"rendered":"https:\/\/zoca.es\/impressoras\/"},"modified":"2025-06-06T13:55:04","modified_gmt":"2025-06-06T12:55:04","slug":"impressoras","status":"publish","type":"page","link":"https:\/\/zoca.es\/pt-pt\/impressoras\/","title":{"rendered":"Impressoras"},"content":{"rendered":"","protected":false},"excerpt":{"rendered":"","protected":false},"author":623,"featured_media":0,"parent":0,"menu_order":-1,"comment_status":"closed","ping_status":"closed","template":"template-new-categories.php","meta":{"zoca_cat_short_desc":"Encontre a impressora que mais se adequa ao que procura, impressoras recondicionadas laser, de tinta e matriciais num estado como novo. Equipamentos profissionais que complementam o seu trabalho no escrit\u00f3rio ou em casa. Qualidade de impress\u00e3o garantida em documentos, relat\u00f3rios, tickets e fotografias.","footnotes":""},"class_list":["post-135953","page","type-page","status-publish","hentry"],"_links":{"self":[{"href":"https:\/\/zoca.es\/pt-pt\/wp-json\/wp\/v2\/pages\/135953","targetHints":{"allow":["GET"]}}],"collection":[{"href":"https:\/\/zoca.es\/pt-pt\/wp-json\/wp\/v2\/pages"}],"about":[{"href":"https:\/\/zoca.es\/pt-pt\/wp-json\/wp\/v2\/types\/page"}],"author":[{"embeddable":true,"href":"https:\/\/zoca.es\/pt-pt\/wp-json\/wp\/v2\/users\/623"}],"replies":[{"embeddable":true,"href":"https:\/\/zoca.es\/pt-pt\/wp-json\/wp\/v2\/comments?post=135953"}],"version-history":[{"count":1,"href":"https:\/\/zoca.es\/pt-pt\/wp-json\/wp\/v2\/pages\/135953\/revisions"}],"predecessor-version":[{"id":136432,"href":"https:\/\/zoca.es\/pt-pt\/wp-json\/wp\/v2\/pages\/135953\/revisions\/136432"}],"wp:attachment":[{"href":"https:\/\/zoca.es\/pt-pt\/wp-json\/wp\/v2\/media?parent=135953"}],"curies":[{"name":"wp","href":"https:\/\/api.w.org\/{rel}","templated":true}]}}