{"id":135950,"date":"2025-06-05T10:52:31","date_gmt":"2025-06-05T09:52:31","guid":{"rendered":"https:\/\/zoca.es\/tablets-graficos\/"},"modified":"2025-09-29T07:51:43","modified_gmt":"2025-09-29T06:51:43","slug":"tablets-graficos","status":"publish","type":"page","link":"https:\/\/zoca.es\/pt-pt\/tablets-graficos\/","title":{"rendered":"Tablets Gr\u00e1ficos"},"content":{"rendered":"","protected":false},"excerpt":{"rendered":"","protected":false},"author":623,"featured_media":0,"parent":0,"menu_order":-2,"comment_status":"closed","ping_status":"closed","template":"template-new-categories.php","meta":{"zoca_cat_short_desc":"<p>Na Zoca temos as melhores ferramentas para assinatura digital e design digital para artistas e designers. No nosso cat\u00e1logo encontras mesas digitalizadoras com diferentes caracter\u00edsticas e modelos. Tablets gr\u00e1ficos com caneta sens\u00edvel \u00e0 press\u00e3o para desenho, ilustra\u00e7\u00e3o e edi\u00e7\u00e3o de fotografia. D\u00e1 uma vista de olhos e encontra o teu tablet gr\u00e1fico ideal.<\/p>\n","footnotes":""},"class_list":["post-135950","page","type-page","status-publish","hentry"],"_links":{"self":[{"href":"https:\/\/zoca.es\/pt-pt\/wp-json\/wp\/v2\/pages\/135950","targetHints":{"allow":["GET"]}}],"collection":[{"href":"https:\/\/zoca.es\/pt-pt\/wp-json\/wp\/v2\/pages"}],"about":[{"href":"https:\/\/zoca.es\/pt-pt\/wp-json\/wp\/v2\/types\/page"}],"author":[{"embeddable":true,"href":"https:\/\/zoca.es\/pt-pt\/wp-json\/wp\/v2\/users\/623"}],"replies":[{"embeddable":true,"href":"https:\/\/zoca.es\/pt-pt\/wp-json\/wp\/v2\/comments?post=135950"}],"version-history":[{"count":2,"href":"https:\/\/zoca.es\/pt-pt\/wp-json\/wp\/v2\/pages\/135950\/revisions"}],"predecessor-version":[{"id":143434,"href":"https:\/\/zoca.es\/pt-pt\/wp-json\/wp\/v2\/pages\/135950\/revisions\/143434"}],"wp:attachment":[{"href":"https:\/\/zoca.es\/pt-pt\/wp-json\/wp\/v2\/media?parent=135950"}],"curies":[{"name":"wp","href":"https:\/\/api.w.org\/{rel}","templated":true}]}}