{"id":135941,"date":"2025-06-05T10:49:08","date_gmt":"2025-06-05T09:49:08","guid":{"rendered":"https:\/\/zoca.es\/pos\/contadores-de-notas\/"},"modified":"2025-09-29T07:50:12","modified_gmt":"2025-09-29T06:50:12","slug":"contadores-de-notas","status":"publish","type":"page","link":"https:\/\/zoca.es\/pt-pt\/pos\/contadores-de-notas\/","title":{"rendered":"Contadores de Notas"},"content":{"rendered":"","protected":false},"excerpt":{"rendered":"","protected":false},"author":623,"featured_media":0,"parent":135935,"menu_order":6,"comment_status":"closed","ping_status":"closed","template":"template-new-categories.php","meta":{"zoca_cat_short_desc":"<p>Contadores de notas recondicionados com a nossa garantia de qualidade. Equipamentos ideais para contar e verificar notas de forma r\u00e1pida e segura em empresas e com\u00e9rcios. Consulta o nosso cat\u00e1logo e adquire o teu para agilizar o controlo de numer\u00e1rio.<\/p>\n","footnotes":""},"class_list":["post-135941","page","type-page","status-publish","hentry"],"_links":{"self":[{"href":"https:\/\/zoca.es\/pt-pt\/wp-json\/wp\/v2\/pages\/135941","targetHints":{"allow":["GET"]}}],"collection":[{"href":"https:\/\/zoca.es\/pt-pt\/wp-json\/wp\/v2\/pages"}],"about":[{"href":"https:\/\/zoca.es\/pt-pt\/wp-json\/wp\/v2\/types\/page"}],"author":[{"embeddable":true,"href":"https:\/\/zoca.es\/pt-pt\/wp-json\/wp\/v2\/users\/623"}],"replies":[{"embeddable":true,"href":"https:\/\/zoca.es\/pt-pt\/wp-json\/wp\/v2\/comments?post=135941"}],"version-history":[{"count":1,"href":"https:\/\/zoca.es\/pt-pt\/wp-json\/wp\/v2\/pages\/135941\/revisions"}],"predecessor-version":[{"id":143432,"href":"https:\/\/zoca.es\/pt-pt\/wp-json\/wp\/v2\/pages\/135941\/revisions\/143432"}],"up":[{"embeddable":true,"href":"https:\/\/zoca.es\/pt-pt\/wp-json\/wp\/v2\/pages\/135935"}],"wp:attachment":[{"href":"https:\/\/zoca.es\/pt-pt\/wp-json\/wp\/v2\/media?parent=135941"}],"curies":[{"name":"wp","href":"https:\/\/api.w.org\/{rel}","templated":true}]}}