{"id":135939,"date":"2025-06-05T10:48:05","date_gmt":"2025-06-05T09:48:05","guid":{"rendered":"https:\/\/zoca.es\/pos\/monitores\/"},"modified":"2025-09-29T07:39:35","modified_gmt":"2025-09-29T06:39:35","slug":"monitores","status":"publish","type":"page","link":"https:\/\/zoca.es\/pt-pt\/pos\/monitores\/","title":{"rendered":"Monitores"},"content":{"rendered":"","protected":false},"excerpt":{"rendered":"","protected":false},"author":623,"featured_media":0,"parent":135935,"menu_order":0,"comment_status":"closed","ping_status":"closed","template":"template-new-categories.php","meta":{"zoca_cat_short_desc":"<p>Monitores TPV recondicionados, ecr\u00e3s comerciais em segunda m\u00e3o e monitores de ponto de venda econ\u00f3micos. Ecr\u00e3s TPV com garantia de bom funcionamento.<\/p>\n","footnotes":""},"class_list":["post-135939","page","type-page","status-publish","hentry"],"_links":{"self":[{"href":"https:\/\/zoca.es\/pt-pt\/wp-json\/wp\/v2\/pages\/135939","targetHints":{"allow":["GET"]}}],"collection":[{"href":"https:\/\/zoca.es\/pt-pt\/wp-json\/wp\/v2\/pages"}],"about":[{"href":"https:\/\/zoca.es\/pt-pt\/wp-json\/wp\/v2\/types\/page"}],"author":[{"embeddable":true,"href":"https:\/\/zoca.es\/pt-pt\/wp-json\/wp\/v2\/users\/623"}],"replies":[{"embeddable":true,"href":"https:\/\/zoca.es\/pt-pt\/wp-json\/wp\/v2\/comments?post=135939"}],"version-history":[{"count":1,"href":"https:\/\/zoca.es\/pt-pt\/wp-json\/wp\/v2\/pages\/135939\/revisions"}],"predecessor-version":[{"id":143425,"href":"https:\/\/zoca.es\/pt-pt\/wp-json\/wp\/v2\/pages\/135939\/revisions\/143425"}],"up":[{"embeddable":true,"href":"https:\/\/zoca.es\/pt-pt\/wp-json\/wp\/v2\/pages\/135935"}],"wp:attachment":[{"href":"https:\/\/zoca.es\/pt-pt\/wp-json\/wp\/v2\/media?parent=135939"}],"curies":[{"name":"wp","href":"https:\/\/api.w.org\/{rel}","templated":true}]}}