{"id":135938,"date":"2025-06-05T10:47:27","date_gmt":"2025-06-05T09:47:27","guid":{"rendered":"https:\/\/zoca.es\/pos\/leitores-codigo-de-barras\/"},"modified":"2025-09-29T07:45:42","modified_gmt":"2025-09-29T06:45:42","slug":"leitores-codigo-de-barras","status":"publish","type":"page","link":"https:\/\/zoca.es\/pt-pt\/pos\/leitores-codigo-de-barras\/","title":{"rendered":"Leitores c\u00f3digo de barras"},"content":{"rendered":"","protected":false},"excerpt":{"rendered":"","protected":false},"author":623,"featured_media":0,"parent":135935,"menu_order":0,"comment_status":"closed","ping_status":"closed","template":"template-new-categories.php","meta":{"zoca_cat_short_desc":"<p>Leitores de c\u00f3digos de barras recondicionados para TPV e com\u00e9rcio, com garantia de bom funcionamento. Liga\u00e7\u00e3o USB, Bluetooth ou base de carregamento: leitura r\u00e1pida e fi\u00e1vel ao melhor pre\u00e7o.<\/p>\n","footnotes":""},"class_list":["post-135938","page","type-page","status-publish","hentry"],"_links":{"self":[{"href":"https:\/\/zoca.es\/pt-pt\/wp-json\/wp\/v2\/pages\/135938","targetHints":{"allow":["GET"]}}],"collection":[{"href":"https:\/\/zoca.es\/pt-pt\/wp-json\/wp\/v2\/pages"}],"about":[{"href":"https:\/\/zoca.es\/pt-pt\/wp-json\/wp\/v2\/types\/page"}],"author":[{"embeddable":true,"href":"https:\/\/zoca.es\/pt-pt\/wp-json\/wp\/v2\/users\/623"}],"replies":[{"embeddable":true,"href":"https:\/\/zoca.es\/pt-pt\/wp-json\/wp\/v2\/comments?post=135938"}],"version-history":[{"count":1,"href":"https:\/\/zoca.es\/pt-pt\/wp-json\/wp\/v2\/pages\/135938\/revisions"}],"predecessor-version":[{"id":143429,"href":"https:\/\/zoca.es\/pt-pt\/wp-json\/wp\/v2\/pages\/135938\/revisions\/143429"}],"up":[{"embeddable":true,"href":"https:\/\/zoca.es\/pt-pt\/wp-json\/wp\/v2\/pages\/135935"}],"wp:attachment":[{"href":"https:\/\/zoca.es\/pt-pt\/wp-json\/wp\/v2\/media?parent=135938"}],"curies":[{"name":"wp","href":"https:\/\/api.w.org\/{rel}","templated":true}]}}