{"id":135936,"date":"2025-06-05T10:44:35","date_gmt":"2025-06-05T09:44:35","guid":{"rendered":"https:\/\/zoca.es\/pos\/all-in-one\/"},"modified":"2025-09-29T07:47:23","modified_gmt":"2025-09-29T06:47:23","slug":"all-in-one","status":"publish","type":"page","link":"https:\/\/zoca.es\/pt-pt\/pos\/all-in-one\/","title":{"rendered":"All In One"},"content":{"rendered":"","protected":false},"excerpt":{"rendered":"","protected":false},"author":623,"featured_media":0,"parent":135935,"menu_order":0,"comment_status":"closed","ping_status":"closed","template":"template-new-categories.php","meta":{"zoca_cat_short_desc":"<p>TPV All-in-One como novos no nosso cat\u00e1logo. Os nossos melhores sistemas de ponto de venda tudo-em-um: uma solu\u00e7\u00e3o completa para o com\u00e9rcio. Os equipamentos oferecem desempenho elevado, como se tivessem sa\u00eddo de f\u00e1brica.<\/p>\n","footnotes":""},"class_list":["post-135936","page","type-page","status-publish","hentry"],"_links":{"self":[{"href":"https:\/\/zoca.es\/pt-pt\/wp-json\/wp\/v2\/pages\/135936","targetHints":{"allow":["GET"]}}],"collection":[{"href":"https:\/\/zoca.es\/pt-pt\/wp-json\/wp\/v2\/pages"}],"about":[{"href":"https:\/\/zoca.es\/pt-pt\/wp-json\/wp\/v2\/types\/page"}],"author":[{"embeddable":true,"href":"https:\/\/zoca.es\/pt-pt\/wp-json\/wp\/v2\/users\/623"}],"replies":[{"embeddable":true,"href":"https:\/\/zoca.es\/pt-pt\/wp-json\/wp\/v2\/comments?post=135936"}],"version-history":[{"count":1,"href":"https:\/\/zoca.es\/pt-pt\/wp-json\/wp\/v2\/pages\/135936\/revisions"}],"predecessor-version":[{"id":143430,"href":"https:\/\/zoca.es\/pt-pt\/wp-json\/wp\/v2\/pages\/135936\/revisions\/143430"}],"up":[{"embeddable":true,"href":"https:\/\/zoca.es\/pt-pt\/wp-json\/wp\/v2\/pages\/135935"}],"wp:attachment":[{"href":"https:\/\/zoca.es\/pt-pt\/wp-json\/wp\/v2\/media?parent=135936"}],"curies":[{"name":"wp","href":"https:\/\/api.w.org\/{rel}","templated":true}]}}