{"id":135935,"date":"2025-06-05T10:43:25","date_gmt":"2025-06-05T09:43:25","guid":{"rendered":"https:\/\/zoca.es\/pos\/"},"modified":"2025-09-29T07:34:55","modified_gmt":"2025-09-29T06:34:55","slug":"pos","status":"publish","type":"page","link":"https:\/\/zoca.es\/pt-pt\/pos\/","title":{"rendered":"POS"},"content":{"rendered":"","protected":false},"excerpt":{"rendered":"","protected":false},"author":623,"featured_media":0,"parent":0,"menu_order":-2,"comment_status":"closed","ping_status":"closed","template":"template-new-categories.php","meta":{"zoca_cat_short_desc":"<p>Sistemas TPV recondicionados, com garantia de correto funcionamento. TPV All-in-One, impressoras de tal\u00f5es e leitores de c\u00f3digos de barras recondicionados, encontra aqui tudo o que precisas para configurar o teu TPV ideal. A melhor oferta, a um pre\u00e7o econ\u00f3mico, em impressoras de etiquetas, leitores de c\u00f3digos e caixas registadoras.<\/p>\n","footnotes":""},"class_list":["post-135935","page","type-page","status-publish","hentry"],"_links":{"self":[{"href":"https:\/\/zoca.es\/pt-pt\/wp-json\/wp\/v2\/pages\/135935","targetHints":{"allow":["GET"]}}],"collection":[{"href":"https:\/\/zoca.es\/pt-pt\/wp-json\/wp\/v2\/pages"}],"about":[{"href":"https:\/\/zoca.es\/pt-pt\/wp-json\/wp\/v2\/types\/page"}],"author":[{"embeddable":true,"href":"https:\/\/zoca.es\/pt-pt\/wp-json\/wp\/v2\/users\/623"}],"replies":[{"embeddable":true,"href":"https:\/\/zoca.es\/pt-pt\/wp-json\/wp\/v2\/comments?post=135935"}],"version-history":[{"count":2,"href":"https:\/\/zoca.es\/pt-pt\/wp-json\/wp\/v2\/pages\/135935\/revisions"}],"predecessor-version":[{"id":143423,"href":"https:\/\/zoca.es\/pt-pt\/wp-json\/wp\/v2\/pages\/135935\/revisions\/143423"}],"wp:attachment":[{"href":"https:\/\/zoca.es\/pt-pt\/wp-json\/wp\/v2\/media?parent=135935"}],"curies":[{"name":"wp","href":"https:\/\/api.w.org\/{rel}","templated":true}]}}