{"id":135932,"date":"2025-06-05T10:40:12","date_gmt":"2025-06-05T09:40:12","guid":{"rendered":"https:\/\/zoca.es\/scanners\/"},"modified":"2025-06-06T13:54:33","modified_gmt":"2025-06-06T12:54:33","slug":"scanners","status":"publish","type":"page","link":"https:\/\/zoca.es\/pt-pt\/scanners\/","title":{"rendered":"Scanners"},"content":{"rendered":"","protected":false},"excerpt":{"rendered":"","protected":false},"author":623,"featured_media":0,"parent":0,"menu_order":-2,"comment_status":"closed","ping_status":"closed","template":"template-new-categories.php","meta":{"zoca_cat_short_desc":"Scanners recondicionados para documentos e fotografias. Equipamentos de digitaliza\u00e7\u00e3o profissional e dom\u00e9stica. Qualidade de imagem e de funcionamento garantida com pre\u00e7os muito acess\u00edveis.","footnotes":""},"class_list":["post-135932","page","type-page","status-publish","hentry"],"_links":{"self":[{"href":"https:\/\/zoca.es\/pt-pt\/wp-json\/wp\/v2\/pages\/135932","targetHints":{"allow":["GET"]}}],"collection":[{"href":"https:\/\/zoca.es\/pt-pt\/wp-json\/wp\/v2\/pages"}],"about":[{"href":"https:\/\/zoca.es\/pt-pt\/wp-json\/wp\/v2\/types\/page"}],"author":[{"embeddable":true,"href":"https:\/\/zoca.es\/pt-pt\/wp-json\/wp\/v2\/users\/623"}],"replies":[{"embeddable":true,"href":"https:\/\/zoca.es\/pt-pt\/wp-json\/wp\/v2\/comments?post=135932"}],"version-history":[{"count":1,"href":"https:\/\/zoca.es\/pt-pt\/wp-json\/wp\/v2\/pages\/135932\/revisions"}],"predecessor-version":[{"id":136429,"href":"https:\/\/zoca.es\/pt-pt\/wp-json\/wp\/v2\/pages\/135932\/revisions\/136429"}],"wp:attachment":[{"href":"https:\/\/zoca.es\/pt-pt\/wp-json\/wp\/v2\/media?parent=135932"}],"curies":[{"name":"wp","href":"https:\/\/api.w.org\/{rel}","templated":true}]}}