{"id":135931,"date":"2025-06-05T10:39:08","date_gmt":"2025-06-05T09:39:08","guid":{"rendered":"https:\/\/zoca.es\/monitores\/tateis\/"},"modified":"2025-09-24T11:47:53","modified_gmt":"2025-09-24T10:47:53","slug":"tateis","status":"publish","type":"page","link":"https:\/\/zoca.es\/pt-pt\/monitores\/tateis\/","title":{"rendered":"Tateis"},"content":{"rendered":"","protected":false},"excerpt":{"rendered":"","protected":false},"author":623,"featured_media":0,"parent":135929,"menu_order":0,"comment_status":"closed","ping_status":"closed","template":"template-new-categories.php","meta":{"zoca_cat_short_desc":"<p>Monitores t\u00e1cteis de qualidade e com garantia de bom funcionamento. Ecr\u00e3s interativos em perfeito estado prontos para serem usados na educa\u00e7\u00e3o ou para uso pessoal. Monitores t\u00e1cteis com resposta r\u00e1pida novos ou seminovos.<\/p>\n","footnotes":""},"class_list":["post-135931","page","type-page","status-publish","hentry"],"_links":{"self":[{"href":"https:\/\/zoca.es\/pt-pt\/wp-json\/wp\/v2\/pages\/135931","targetHints":{"allow":["GET"]}}],"collection":[{"href":"https:\/\/zoca.es\/pt-pt\/wp-json\/wp\/v2\/pages"}],"about":[{"href":"https:\/\/zoca.es\/pt-pt\/wp-json\/wp\/v2\/types\/page"}],"author":[{"embeddable":true,"href":"https:\/\/zoca.es\/pt-pt\/wp-json\/wp\/v2\/users\/623"}],"replies":[{"embeddable":true,"href":"https:\/\/zoca.es\/pt-pt\/wp-json\/wp\/v2\/comments?post=135931"}],"version-history":[{"count":1,"href":"https:\/\/zoca.es\/pt-pt\/wp-json\/wp\/v2\/pages\/135931\/revisions"}],"predecessor-version":[{"id":142936,"href":"https:\/\/zoca.es\/pt-pt\/wp-json\/wp\/v2\/pages\/135931\/revisions\/142936"}],"up":[{"embeddable":true,"href":"https:\/\/zoca.es\/pt-pt\/wp-json\/wp\/v2\/pages\/135929"}],"wp:attachment":[{"href":"https:\/\/zoca.es\/pt-pt\/wp-json\/wp\/v2\/media?parent=135931"}],"curies":[{"name":"wp","href":"https:\/\/api.w.org\/{rel}","templated":true}]}}