{"id":135930,"date":"2025-06-05T10:38:18","date_gmt":"2025-06-05T09:38:18","guid":{"rendered":"https:\/\/zoca.es\/monitores\/suportes\/"},"modified":"2025-09-24T11:47:10","modified_gmt":"2025-09-24T10:47:10","slug":"suportes","status":"publish","type":"page","link":"https:\/\/zoca.es\/pt-pt\/monitores\/suportes\/","title":{"rendered":"Suportes"},"content":{"rendered":"","protected":false},"excerpt":{"rendered":"","protected":false},"author":623,"featured_media":0,"parent":135929,"menu_order":0,"comment_status":"closed","ping_status":"closed","template":"template-new-categories.php","meta":{"zoca_cat_short_desc":"<p>Suportes para monitores recondicionados. Bra\u00e7os articulados, bases e suportes VESA para uma boa ergonomia. Ajuste o seu ecr\u00e3 e liberte espa\u00e7o na sua secret\u00e1ria com os nossos produtos.<\/p>\n","footnotes":""},"class_list":["post-135930","page","type-page","status-publish","hentry"],"_links":{"self":[{"href":"https:\/\/zoca.es\/pt-pt\/wp-json\/wp\/v2\/pages\/135930","targetHints":{"allow":["GET"]}}],"collection":[{"href":"https:\/\/zoca.es\/pt-pt\/wp-json\/wp\/v2\/pages"}],"about":[{"href":"https:\/\/zoca.es\/pt-pt\/wp-json\/wp\/v2\/types\/page"}],"author":[{"embeddable":true,"href":"https:\/\/zoca.es\/pt-pt\/wp-json\/wp\/v2\/users\/623"}],"replies":[{"embeddable":true,"href":"https:\/\/zoca.es\/pt-pt\/wp-json\/wp\/v2\/comments?post=135930"}],"version-history":[{"count":1,"href":"https:\/\/zoca.es\/pt-pt\/wp-json\/wp\/v2\/pages\/135930\/revisions"}],"predecessor-version":[{"id":142934,"href":"https:\/\/zoca.es\/pt-pt\/wp-json\/wp\/v2\/pages\/135930\/revisions\/142934"}],"up":[{"embeddable":true,"href":"https:\/\/zoca.es\/pt-pt\/wp-json\/wp\/v2\/pages\/135929"}],"wp:attachment":[{"href":"https:\/\/zoca.es\/pt-pt\/wp-json\/wp\/v2\/media?parent=135930"}],"curies":[{"name":"wp","href":"https:\/\/api.w.org\/{rel}","templated":true}]}}