{"id":135929,"date":"2025-06-05T10:37:49","date_gmt":"2025-06-05T09:37:49","guid":{"rendered":"https:\/\/zoca.es\/monitores\/"},"modified":"2025-11-07T13:10:06","modified_gmt":"2025-11-07T12:10:06","slug":"monitores","status":"publish","type":"page","link":"https:\/\/zoca.es\/pt-pt\/monitores\/","title":{"rendered":"Monitores recondicionados"},"content":{"rendered":"","protected":false},"excerpt":{"rendered":"","protected":false},"author":623,"featured_media":0,"parent":0,"menu_order":-3,"comment_status":"closed","ping_status":"closed","template":"template-new-categories.php","meta":{"zoca_cat_short_desc":"<p>Monitores recondicionados LED, LCD e 4K de todas as polegadas. Ecr\u00e3s para PC com qualidade visual excepcional a pre\u00e7os exclusivos. D\u00ea uma vista de olhos ao nosso cat\u00e1logo de monitores e complete o seu equipamento com estes perif\u00e9ricos como novos.<\/p>\r\n","footnotes":""},"class_list":["post-135929","page","type-page","status-publish","hentry"],"_links":{"self":[{"href":"https:\/\/zoca.es\/pt-pt\/wp-json\/wp\/v2\/pages\/135929","targetHints":{"allow":["GET"]}}],"collection":[{"href":"https:\/\/zoca.es\/pt-pt\/wp-json\/wp\/v2\/pages"}],"about":[{"href":"https:\/\/zoca.es\/pt-pt\/wp-json\/wp\/v2\/types\/page"}],"author":[{"embeddable":true,"href":"https:\/\/zoca.es\/pt-pt\/wp-json\/wp\/v2\/users\/623"}],"replies":[{"embeddable":true,"href":"https:\/\/zoca.es\/pt-pt\/wp-json\/wp\/v2\/comments?post=135929"}],"version-history":[{"count":3,"href":"https:\/\/zoca.es\/pt-pt\/wp-json\/wp\/v2\/pages\/135929\/revisions"}],"predecessor-version":[{"id":148238,"href":"https:\/\/zoca.es\/pt-pt\/wp-json\/wp\/v2\/pages\/135929\/revisions\/148238"}],"wp:attachment":[{"href":"https:\/\/zoca.es\/pt-pt\/wp-json\/wp\/v2\/media?parent=135929"}],"curies":[{"name":"wp","href":"https:\/\/api.w.org\/{rel}","templated":true}]}}