{"id":135927,"date":"2025-06-05T10:36:32","date_gmt":"2025-06-05T09:36:32","guid":{"rendered":"https:\/\/zoca.es\/tablets\/robustas\/"},"modified":"2025-09-24T12:54:49","modified_gmt":"2025-09-24T11:54:49","slug":"robustas","status":"publish","type":"page","link":"https:\/\/zoca.es\/pt-pt\/tablets\/robustas\/","title":{"rendered":"Robustas"},"content":{"rendered":"","protected":false},"excerpt":{"rendered":"","protected":false},"author":623,"featured_media":0,"parent":135924,"menu_order":0,"comment_status":"closed","ping_status":"closed","template":"template-new-categories.php","meta":{"zoca_cat_short_desc":"<p>Tablets ruguerizados recondicionados resistentes para ambientes extremos. Equipamentos blindados que suportam choques, \u00e1gua, p\u00f3 e temperaturas adversas. Ideais para uso industrial, militar e profissional com certifica\u00e7\u00f5es IP67 e garantia completa.<\/p>\n","footnotes":""},"class_list":["post-135927","page","type-page","status-publish","hentry"],"_links":{"self":[{"href":"https:\/\/zoca.es\/pt-pt\/wp-json\/wp\/v2\/pages\/135927","targetHints":{"allow":["GET"]}}],"collection":[{"href":"https:\/\/zoca.es\/pt-pt\/wp-json\/wp\/v2\/pages"}],"about":[{"href":"https:\/\/zoca.es\/pt-pt\/wp-json\/wp\/v2\/types\/page"}],"author":[{"embeddable":true,"href":"https:\/\/zoca.es\/pt-pt\/wp-json\/wp\/v2\/users\/623"}],"replies":[{"embeddable":true,"href":"https:\/\/zoca.es\/pt-pt\/wp-json\/wp\/v2\/comments?post=135927"}],"version-history":[{"count":2,"href":"https:\/\/zoca.es\/pt-pt\/wp-json\/wp\/v2\/pages\/135927\/revisions"}],"predecessor-version":[{"id":143045,"href":"https:\/\/zoca.es\/pt-pt\/wp-json\/wp\/v2\/pages\/135927\/revisions\/143045"}],"up":[{"embeddable":true,"href":"https:\/\/zoca.es\/pt-pt\/wp-json\/wp\/v2\/pages\/135924"}],"wp:attachment":[{"href":"https:\/\/zoca.es\/pt-pt\/wp-json\/wp\/v2\/media?parent=135927"}],"curies":[{"name":"wp","href":"https:\/\/api.w.org\/{rel}","templated":true}]}}